{"id":1335,"date":"2026-01-19T04:57:52","date_gmt":"2026-01-19T04:57:52","guid":{"rendered":"https:\/\/www.larivieredoree.com\/vtt-seine-et-marne\/"},"modified":"2026-02-23T13:42:07","modified_gmt":"2026-02-23T13:42:07","slug":"mountainbiken-seine-und-marne","status":"publish","type":"page","link":"https:\/\/www.larivieredoree.com\/de\/tourismus-in-seine-et-marne\/mountainbiken-seine-und-marne\/","title":{"rendered":"Wo k\u00f6nnen Sie w\u00e4hrend Ihres Urlaubs in Seine-et-Marne Mountainbike fahren?"},"content":{"rendered":"","protected":false},"excerpt":{"rendered":"","protected":false},"author":2,"featured_media":1327,"parent":1482,"menu_order":0,"comment_status":"closed","ping_status":"closed","template":"","meta":{"_acf_changed":false,"footnotes":""},"class_list":["post-1335","page","type-page","status-publish","has-post-thumbnail","hentry"],"acf":[],"yoast_head":"<!-- This site is optimized with the Yoast SEO plugin v27.3 - https:\/\/yoast.com\/product\/yoast-seo-wordpress\/ -->\n<title>MTB Seine et Marne: Die besten Mountainbike-Strecken f\u00fcr Experten und Anf\u00e4nger in Seine et Marne (77)<\/title>\n<meta name=\"description\" content=\"Entdecken Sie Mountainbiken in Seine-et-Marne: abwechslungsreiche Strecken, herrliche Landschaften und Outdoor-Abenteuer. Genie\u00dfen Sie an alle Niveaus angepasste Kurse f\u00fcr ein unvergessliches Erlebnis\" \/>\n<meta name=\"robots\" content=\"index, follow, max-snippet:-1, max-image-preview:large, max-video-preview:-1\" \/>\n<link rel=\"canonical\" href=\"https:\/\/www.larivieredoree.com\/de\/tourismus-in-seine-et-marne\/mountainbiken-seine-und-marne\/\" \/>\n<meta property=\"og:locale\" content=\"de_DE\" \/>\n<meta property=\"og:type\" content=\"article\" \/>\n<meta property=\"og:title\" content=\"MTB Seine et Marne: Die besten Mountainbike-Strecken f\u00fcr Experten und Anf\u00e4nger in Seine et Marne (77)\" \/>\n<meta property=\"og:description\" content=\"Entdecken Sie Mountainbiken in Seine-et-Marne: abwechslungsreiche Strecken, herrliche Landschaften und Outdoor-Abenteuer. Genie\u00dfen Sie an alle Niveaus angepasste Kurse f\u00fcr ein unvergessliches Erlebnis\" \/>\n<meta property=\"og:url\" content=\"https:\/\/www.larivieredoree.com\/de\/tourismus-in-seine-et-marne\/mountainbiken-seine-und-marne\/\" \/>\n<meta property=\"og:site_name\" content=\"La Rivi\u00e8re Dor\u00e9e\" \/>\n<meta property=\"article:publisher\" content=\"https:\/\/www.facebook.com\/campinglarivieredoree\" \/>\n<meta property=\"article:modified_time\" content=\"2026-02-23T13:42:07+00:00\" \/>\n<meta property=\"og:image\" content=\"https:\/\/www.larivieredoree.com\/wp-content\/uploads\/2026\/01\/VTT-en-Seine-et-Marne.jpg\" \/>\n\t<meta property=\"og:image:width\" content=\"1800\" \/>\n\t<meta property=\"og:image:height\" content=\"660\" \/>\n\t<meta property=\"og:image:type\" content=\"image\/jpeg\" \/>\n<meta name=\"twitter:card\" content=\"summary_large_image\" \/>\n<meta name=\"twitter:label1\" content=\"Gesch\u00e4tzte Lesezeit\" \/>\n\t<meta name=\"twitter:data1\" content=\"1\u00a0Minute\" \/>\n<script type=\"application\/ld+json\" class=\"yoast-schema-graph\">{\"@context\":\"https:\\\/\\\/schema.org\",\"@graph\":[{\"@type\":\"WebPage\",\"@id\":\"https:\\\/\\\/www.larivieredoree.com\\\/de\\\/tourismus-in-seine-et-marne\\\/mountainbiken-seine-und-marne\\\/\",\"url\":\"https:\\\/\\\/www.larivieredoree.com\\\/de\\\/tourismus-in-seine-et-marne\\\/mountainbiken-seine-und-marne\\\/\",\"name\":\"MTB Seine et Marne: Die besten Mountainbike-Strecken f\u00fcr Experten und Anf\u00e4nger in Seine et Marne (77)\",\"isPartOf\":{\"@id\":\"https:\\\/\\\/www.larivieredoree.com\\\/de\\\/#website\"},\"primaryImageOfPage\":{\"@id\":\"https:\\\/\\\/www.larivieredoree.com\\\/de\\\/tourismus-in-seine-et-marne\\\/mountainbiken-seine-und-marne\\\/#primaryimage\"},\"image\":{\"@id\":\"https:\\\/\\\/www.larivieredoree.com\\\/de\\\/tourismus-in-seine-et-marne\\\/mountainbiken-seine-und-marne\\\/#primaryimage\"},\"thumbnailUrl\":\"https:\\\/\\\/www.larivieredoree.com\\\/wp-content\\\/uploads\\\/2026\\\/01\\\/VTT-en-Seine-et-Marne.jpg\",\"datePublished\":\"2026-01-19T04:57:52+00:00\",\"dateModified\":\"2026-02-23T13:42:07+00:00\",\"description\":\"Entdecken Sie Mountainbiken in Seine-et-Marne: abwechslungsreiche Strecken, herrliche Landschaften und Outdoor-Abenteuer. Genie\u00dfen Sie an alle Niveaus angepasste Kurse f\u00fcr ein unvergessliches Erlebnis\",\"breadcrumb\":{\"@id\":\"https:\\\/\\\/www.larivieredoree.com\\\/de\\\/tourismus-in-seine-et-marne\\\/mountainbiken-seine-und-marne\\\/#breadcrumb\"},\"inLanguage\":\"de\",\"potentialAction\":[{\"@type\":\"ReadAction\",\"target\":[\"https:\\\/\\\/www.larivieredoree.com\\\/de\\\/tourismus-in-seine-et-marne\\\/mountainbiken-seine-und-marne\\\/\"]}]},{\"@type\":\"ImageObject\",\"inLanguage\":\"de\",\"@id\":\"https:\\\/\\\/www.larivieredoree.com\\\/de\\\/tourismus-in-seine-et-marne\\\/mountainbiken-seine-und-marne\\\/#primaryimage\",\"url\":\"https:\\\/\\\/www.larivieredoree.com\\\/wp-content\\\/uploads\\\/2026\\\/01\\\/VTT-en-Seine-et-Marne.jpg\",\"contentUrl\":\"https:\\\/\\\/www.larivieredoree.com\\\/wp-content\\\/uploads\\\/2026\\\/01\\\/VTT-en-Seine-et-Marne.jpg\",\"width\":1800,\"height\":660},{\"@type\":\"BreadcrumbList\",\"@id\":\"https:\\\/\\\/www.larivieredoree.com\\\/de\\\/tourismus-in-seine-et-marne\\\/mountainbiken-seine-und-marne\\\/#breadcrumb\",\"itemListElement\":[{\"@type\":\"ListItem\",\"position\":1,\"name\":\"Startseite\",\"item\":\"https:\\\/\\\/www.larivieredoree.com\\\/de\\\/\"},{\"@type\":\"ListItem\",\"position\":2,\"name\":\"Tourismus in Seine et Marne\",\"item\":\"https:\\\/\\\/www.larivieredoree.com\\\/de\\\/tourismus-in-seine-et-marne\\\/\"},{\"@type\":\"ListItem\",\"position\":3,\"name\":\"MTB Seine et Marne\"}]},{\"@type\":\"WebSite\",\"@id\":\"https:\\\/\\\/www.larivieredoree.com\\\/de\\\/#website\",\"url\":\"https:\\\/\\\/www.larivieredoree.com\\\/de\\\/\",\"name\":\"Camping La Rivi\u00e8re Dor\u00e9e\",\"description\":\"Camping 3 \u00e9toiles Fontainebleau\",\"publisher\":{\"@id\":\"https:\\\/\\\/www.larivieredoree.com\\\/de\\\/#organization\"},\"potentialAction\":[{\"@type\":\"SearchAction\",\"target\":{\"@type\":\"EntryPoint\",\"urlTemplate\":\"https:\\\/\\\/www.larivieredoree.com\\\/de\\\/?s={search_term_string}\"},\"query-input\":{\"@type\":\"PropertyValueSpecification\",\"valueRequired\":true,\"valueName\":\"search_term_string\"}}],\"inLanguage\":\"de\"},{\"@type\":\"Organization\",\"@id\":\"https:\\\/\\\/www.larivieredoree.com\\\/de\\\/#organization\",\"name\":\"Camping La Rivi\u00e8re Dor\u00e9e\",\"url\":\"https:\\\/\\\/www.larivieredoree.com\\\/de\\\/\",\"logo\":{\"@type\":\"ImageObject\",\"inLanguage\":\"de\",\"@id\":\"https:\\\/\\\/www.larivieredoree.com\\\/de\\\/#\\\/schema\\\/logo\\\/image\\\/\",\"url\":\"https:\\\/\\\/www.larivieredoree.com\\\/wp-content\\\/uploads\\\/2026\\\/02\\\/Logo-Riviere-Doree.png\",\"contentUrl\":\"https:\\\/\\\/www.larivieredoree.com\\\/wp-content\\\/uploads\\\/2026\\\/02\\\/Logo-Riviere-Doree.png\",\"width\":696,\"height\":696,\"caption\":\"Camping La Rivi\u00e8re Dor\u00e9e\"},\"image\":{\"@id\":\"https:\\\/\\\/www.larivieredoree.com\\\/de\\\/#\\\/schema\\\/logo\\\/image\\\/\"},\"sameAs\":[\"https:\\\/\\\/www.facebook.com\\\/campinglarivieredoree\",\"https:\\\/\\\/www.instagram.com\\\/campinglarivieredoree\\\/\",\"https:\\\/\\\/fr.pinterest.com\\\/campinglarivieredoree\\\/\",\"https:\\\/\\\/www.tiktok.com\\\/@campinglarivieredoree\"]}]}<\/script>\n<!-- \/ Yoast SEO plugin. -->","yoast_head_json":{"title":"MTB Seine et Marne: Die besten Mountainbike-Strecken f\u00fcr Experten und Anf\u00e4nger in Seine et Marne (77)","description":"Entdecken Sie Mountainbiken in Seine-et-Marne: abwechslungsreiche Strecken, herrliche Landschaften und Outdoor-Abenteuer. Genie\u00dfen Sie an alle Niveaus angepasste Kurse f\u00fcr ein unvergessliches Erlebnis","robots":{"index":"index","follow":"follow","max-snippet":"max-snippet:-1","max-image-preview":"max-image-preview:large","max-video-preview":"max-video-preview:-1"},"canonical":"https:\/\/www.larivieredoree.com\/de\/tourismus-in-seine-et-marne\/mountainbiken-seine-und-marne\/","og_locale":"de_DE","og_type":"article","og_title":"MTB Seine et Marne: Die besten Mountainbike-Strecken f\u00fcr Experten und Anf\u00e4nger in Seine et Marne (77)","og_description":"Entdecken Sie Mountainbiken in Seine-et-Marne: abwechslungsreiche Strecken, herrliche Landschaften und Outdoor-Abenteuer. Genie\u00dfen Sie an alle Niveaus angepasste Kurse f\u00fcr ein unvergessliches Erlebnis","og_url":"https:\/\/www.larivieredoree.com\/de\/tourismus-in-seine-et-marne\/mountainbiken-seine-und-marne\/","og_site_name":"La Rivi\u00e8re Dor\u00e9e","article_publisher":"https:\/\/www.facebook.com\/campinglarivieredoree","article_modified_time":"2026-02-23T13:42:07+00:00","og_image":[{"width":1800,"height":660,"url":"https:\/\/www.larivieredoree.com\/wp-content\/uploads\/2026\/01\/VTT-en-Seine-et-Marne.jpg","type":"image\/jpeg"}],"twitter_card":"summary_large_image","twitter_misc":{"Gesch\u00e4tzte Lesezeit":"1\u00a0Minute"},"schema":{"@context":"https:\/\/schema.org","@graph":[{"@type":"WebPage","@id":"https:\/\/www.larivieredoree.com\/de\/tourismus-in-seine-et-marne\/mountainbiken-seine-und-marne\/","url":"https:\/\/www.larivieredoree.com\/de\/tourismus-in-seine-et-marne\/mountainbiken-seine-und-marne\/","name":"MTB Seine et Marne: Die besten Mountainbike-Strecken f\u00fcr Experten und Anf\u00e4nger in Seine et Marne (77)","isPartOf":{"@id":"https:\/\/www.larivieredoree.com\/de\/#website"},"primaryImageOfPage":{"@id":"https:\/\/www.larivieredoree.com\/de\/tourismus-in-seine-et-marne\/mountainbiken-seine-und-marne\/#primaryimage"},"image":{"@id":"https:\/\/www.larivieredoree.com\/de\/tourismus-in-seine-et-marne\/mountainbiken-seine-und-marne\/#primaryimage"},"thumbnailUrl":"https:\/\/www.larivieredoree.com\/wp-content\/uploads\/2026\/01\/VTT-en-Seine-et-Marne.jpg","datePublished":"2026-01-19T04:57:52+00:00","dateModified":"2026-02-23T13:42:07+00:00","description":"Entdecken Sie Mountainbiken in Seine-et-Marne: abwechslungsreiche Strecken, herrliche Landschaften und Outdoor-Abenteuer. Genie\u00dfen Sie an alle Niveaus angepasste Kurse f\u00fcr ein unvergessliches Erlebnis","breadcrumb":{"@id":"https:\/\/www.larivieredoree.com\/de\/tourismus-in-seine-et-marne\/mountainbiken-seine-und-marne\/#breadcrumb"},"inLanguage":"de","potentialAction":[{"@type":"ReadAction","target":["https:\/\/www.larivieredoree.com\/de\/tourismus-in-seine-et-marne\/mountainbiken-seine-und-marne\/"]}]},{"@type":"ImageObject","inLanguage":"de","@id":"https:\/\/www.larivieredoree.com\/de\/tourismus-in-seine-et-marne\/mountainbiken-seine-und-marne\/#primaryimage","url":"https:\/\/www.larivieredoree.com\/wp-content\/uploads\/2026\/01\/VTT-en-Seine-et-Marne.jpg","contentUrl":"https:\/\/www.larivieredoree.com\/wp-content\/uploads\/2026\/01\/VTT-en-Seine-et-Marne.jpg","width":1800,"height":660},{"@type":"BreadcrumbList","@id":"https:\/\/www.larivieredoree.com\/de\/tourismus-in-seine-et-marne\/mountainbiken-seine-und-marne\/#breadcrumb","itemListElement":[{"@type":"ListItem","position":1,"name":"Startseite","item":"https:\/\/www.larivieredoree.com\/de\/"},{"@type":"ListItem","position":2,"name":"Tourismus in Seine et Marne","item":"https:\/\/www.larivieredoree.com\/de\/tourismus-in-seine-et-marne\/"},{"@type":"ListItem","position":3,"name":"MTB Seine et Marne"}]},{"@type":"WebSite","@id":"https:\/\/www.larivieredoree.com\/de\/#website","url":"https:\/\/www.larivieredoree.com\/de\/","name":"Camping La Rivi\u00e8re Dor\u00e9e","description":"Camping 3 \u00e9toiles Fontainebleau","publisher":{"@id":"https:\/\/www.larivieredoree.com\/de\/#organization"},"potentialAction":[{"@type":"SearchAction","target":{"@type":"EntryPoint","urlTemplate":"https:\/\/www.larivieredoree.com\/de\/?s={search_term_string}"},"query-input":{"@type":"PropertyValueSpecification","valueRequired":true,"valueName":"search_term_string"}}],"inLanguage":"de"},{"@type":"Organization","@id":"https:\/\/www.larivieredoree.com\/de\/#organization","name":"Camping La Rivi\u00e8re Dor\u00e9e","url":"https:\/\/www.larivieredoree.com\/de\/","logo":{"@type":"ImageObject","inLanguage":"de","@id":"https:\/\/www.larivieredoree.com\/de\/#\/schema\/logo\/image\/","url":"https:\/\/www.larivieredoree.com\/wp-content\/uploads\/2026\/02\/Logo-Riviere-Doree.png","contentUrl":"https:\/\/www.larivieredoree.com\/wp-content\/uploads\/2026\/02\/Logo-Riviere-Doree.png","width":696,"height":696,"caption":"Camping La Rivi\u00e8re Dor\u00e9e"},"image":{"@id":"https:\/\/www.larivieredoree.com\/de\/#\/schema\/logo\/image\/"},"sameAs":["https:\/\/www.facebook.com\/campinglarivieredoree","https:\/\/www.instagram.com\/campinglarivieredoree\/","https:\/\/fr.pinterest.com\/campinglarivieredoree\/","https:\/\/www.tiktok.com\/@campinglarivieredoree"]}]}},"_links":{"self":[{"href":"https:\/\/www.larivieredoree.com\/de\/wp-json\/wp\/v2\/pages\/1335","targetHints":{"allow":["GET"]}}],"collection":[{"href":"https:\/\/www.larivieredoree.com\/de\/wp-json\/wp\/v2\/pages"}],"about":[{"href":"https:\/\/www.larivieredoree.com\/de\/wp-json\/wp\/v2\/types\/page"}],"author":[{"embeddable":true,"href":"https:\/\/www.larivieredoree.com\/de\/wp-json\/wp\/v2\/users\/2"}],"replies":[{"embeddable":true,"href":"https:\/\/www.larivieredoree.com\/de\/wp-json\/wp\/v2\/comments?post=1335"}],"version-history":[{"count":1,"href":"https:\/\/www.larivieredoree.com\/de\/wp-json\/wp\/v2\/pages\/1335\/revisions"}],"predecessor-version":[{"id":1337,"href":"https:\/\/www.larivieredoree.com\/de\/wp-json\/wp\/v2\/pages\/1335\/revisions\/1337"}],"up":[{"embeddable":true,"href":"https:\/\/www.larivieredoree.com\/de\/wp-json\/wp\/v2\/pages\/1482"}],"wp:featuredmedia":[{"embeddable":true,"href":"https:\/\/www.larivieredoree.com\/de\/wp-json\/wp\/v2\/media\/1327"}],"wp:attachment":[{"href":"https:\/\/www.larivieredoree.com\/de\/wp-json\/wp\/v2\/media?parent=1335"}],"curies":[{"name":"wp","href":"https:\/\/api.w.org\/{rel}","templated":true}]}}