{"id":1683,"date":"2026-01-21T06:00:37","date_gmt":"2026-01-21T06:00:37","guid":{"rendered":"https:\/\/www.larivieredoree.com\/hebergement-insolite-en-seine-et-marne\/"},"modified":"2026-01-21T06:20:18","modified_gmt":"2026-01-21T06:20:18","slug":"ungewoehnliche-unterkunft-in-seine-et-marne","status":"publish","type":"page","link":"https:\/\/www.larivieredoree.com\/de\/ungewoehnliche-unterkunft-in-seine-et-marne\/","title":{"rendered":"Ungew\u00f6hnliche Unterkunft in Seine-et-Marne"},"content":{"rendered":"","protected":false},"excerpt":{"rendered":"","protected":false},"author":2,"featured_media":0,"parent":0,"menu_order":0,"comment_status":"closed","ping_status":"closed","template":"","meta":{"_acf_changed":false,"footnotes":""},"class_list":["post-1683","page","type-page","status-publish","hentry"],"acf":[],"yoast_head":"<!-- This site is optimized with the Yoast SEO plugin v27.3 - https:\/\/yoast.com\/product\/yoast-seo-wordpress\/ -->\n<title>Ungew\u00f6hnliche Unterkunft in Seine et Marne f\u00fcr eine atypische Nacht (77)<\/title>\n<meta name=\"description\" content=\"Entdecken Sie ungew\u00f6hnliche Unterk\u00fcnfte in Seine-et-Marne: einzigartige Unterk\u00fcnfte, erhaltene Natur und unvergessliche Erlebnisse f\u00fcr einen originellen und exotischen Aufenthalt\" \/>\n<meta name=\"robots\" content=\"index, follow, max-snippet:-1, max-image-preview:large, max-video-preview:-1\" \/>\n<link rel=\"canonical\" href=\"https:\/\/www.larivieredoree.com\/de\/ungewoehnliche-unterkunft-in-seine-et-marne\/\" \/>\n<meta property=\"og:locale\" content=\"de_DE\" \/>\n<meta property=\"og:type\" content=\"article\" \/>\n<meta property=\"og:title\" content=\"Ungew\u00f6hnliche Unterkunft in Seine et Marne f\u00fcr eine atypische Nacht (77)\" \/>\n<meta property=\"og:description\" content=\"Entdecken Sie ungew\u00f6hnliche Unterk\u00fcnfte in Seine-et-Marne: einzigartige Unterk\u00fcnfte, erhaltene Natur und unvergessliche Erlebnisse f\u00fcr einen originellen und exotischen Aufenthalt\" \/>\n<meta property=\"og:url\" content=\"https:\/\/www.larivieredoree.com\/de\/ungewoehnliche-unterkunft-in-seine-et-marne\/\" \/>\n<meta property=\"og:site_name\" content=\"La Rivi\u00e8re Dor\u00e9e\" \/>\n<meta property=\"article:publisher\" content=\"https:\/\/www.facebook.com\/campinglarivieredoree\" \/>\n<meta property=\"article:modified_time\" content=\"2026-01-21T06:20:18+00:00\" \/>\n<meta property=\"og:image\" content=\"https:\/\/www.larivieredoree.com\/wp-content\/uploads\/2026\/02\/Camping-La-Riviere-Doree.jpg\" \/>\n\t<meta property=\"og:image:width\" content=\"1200\" \/>\n\t<meta property=\"og:image:height\" content=\"675\" \/>\n\t<meta property=\"og:image:type\" content=\"image\/jpeg\" \/>\n<meta name=\"twitter:card\" content=\"summary_large_image\" \/>\n<script type=\"application\/ld+json\" class=\"yoast-schema-graph\">{\"@context\":\"https:\\\/\\\/schema.org\",\"@graph\":[{\"@type\":\"WebPage\",\"@id\":\"https:\\\/\\\/www.larivieredoree.com\\\/de\\\/ungewoehnliche-unterkunft-in-seine-et-marne\\\/\",\"url\":\"https:\\\/\\\/www.larivieredoree.com\\\/de\\\/ungewoehnliche-unterkunft-in-seine-et-marne\\\/\",\"name\":\"Ungew\u00f6hnliche Unterkunft in Seine et Marne f\u00fcr eine atypische Nacht (77)\",\"isPartOf\":{\"@id\":\"https:\\\/\\\/www.larivieredoree.com\\\/de\\\/#website\"},\"datePublished\":\"2026-01-21T06:00:37+00:00\",\"dateModified\":\"2026-01-21T06:20:18+00:00\",\"description\":\"Entdecken Sie ungew\u00f6hnliche Unterk\u00fcnfte in Seine-et-Marne: einzigartige Unterk\u00fcnfte, erhaltene Natur und unvergessliche Erlebnisse f\u00fcr einen originellen und exotischen Aufenthalt\",\"breadcrumb\":{\"@id\":\"https:\\\/\\\/www.larivieredoree.com\\\/de\\\/ungewoehnliche-unterkunft-in-seine-et-marne\\\/#breadcrumb\"},\"inLanguage\":\"de\",\"potentialAction\":[{\"@type\":\"ReadAction\",\"target\":[\"https:\\\/\\\/www.larivieredoree.com\\\/de\\\/ungewoehnliche-unterkunft-in-seine-et-marne\\\/\"]}]},{\"@type\":\"BreadcrumbList\",\"@id\":\"https:\\\/\\\/www.larivieredoree.com\\\/de\\\/ungewoehnliche-unterkunft-in-seine-et-marne\\\/#breadcrumb\",\"itemListElement\":[{\"@type\":\"ListItem\",\"position\":1,\"name\":\"Startseite\",\"item\":\"https:\\\/\\\/www.larivieredoree.com\\\/de\\\/\"},{\"@type\":\"ListItem\",\"position\":2,\"name\":\"Ungew\u00f6hnliche Unterkunft in Seine et Marne\"}]},{\"@type\":\"WebSite\",\"@id\":\"https:\\\/\\\/www.larivieredoree.com\\\/de\\\/#website\",\"url\":\"https:\\\/\\\/www.larivieredoree.com\\\/de\\\/\",\"name\":\"Camping La Rivi\u00e8re Dor\u00e9e\",\"description\":\"Camping 3 \u00e9toiles Fontainebleau\",\"publisher\":{\"@id\":\"https:\\\/\\\/www.larivieredoree.com\\\/de\\\/#organization\"},\"potentialAction\":[{\"@type\":\"SearchAction\",\"target\":{\"@type\":\"EntryPoint\",\"urlTemplate\":\"https:\\\/\\\/www.larivieredoree.com\\\/de\\\/?s={search_term_string}\"},\"query-input\":{\"@type\":\"PropertyValueSpecification\",\"valueRequired\":true,\"valueName\":\"search_term_string\"}}],\"inLanguage\":\"de\"},{\"@type\":\"Organization\",\"@id\":\"https:\\\/\\\/www.larivieredoree.com\\\/de\\\/#organization\",\"name\":\"Camping La Rivi\u00e8re Dor\u00e9e\",\"url\":\"https:\\\/\\\/www.larivieredoree.com\\\/de\\\/\",\"logo\":{\"@type\":\"ImageObject\",\"inLanguage\":\"de\",\"@id\":\"https:\\\/\\\/www.larivieredoree.com\\\/de\\\/#\\\/schema\\\/logo\\\/image\\\/\",\"url\":\"https:\\\/\\\/www.larivieredoree.com\\\/wp-content\\\/uploads\\\/2026\\\/02\\\/Logo-Riviere-Doree.png\",\"contentUrl\":\"https:\\\/\\\/www.larivieredoree.com\\\/wp-content\\\/uploads\\\/2026\\\/02\\\/Logo-Riviere-Doree.png\",\"width\":696,\"height\":696,\"caption\":\"Camping La Rivi\u00e8re Dor\u00e9e\"},\"image\":{\"@id\":\"https:\\\/\\\/www.larivieredoree.com\\\/de\\\/#\\\/schema\\\/logo\\\/image\\\/\"},\"sameAs\":[\"https:\\\/\\\/www.facebook.com\\\/campinglarivieredoree\",\"https:\\\/\\\/www.instagram.com\\\/campinglarivieredoree\\\/\",\"https:\\\/\\\/fr.pinterest.com\\\/campinglarivieredoree\\\/\",\"https:\\\/\\\/www.tiktok.com\\\/@campinglarivieredoree\"]}]}<\/script>\n<!-- \/ Yoast SEO plugin. -->","yoast_head_json":{"title":"Ungew\u00f6hnliche Unterkunft in Seine et Marne f\u00fcr eine atypische Nacht (77)","description":"Entdecken Sie ungew\u00f6hnliche Unterk\u00fcnfte in Seine-et-Marne: einzigartige Unterk\u00fcnfte, erhaltene Natur und unvergessliche Erlebnisse f\u00fcr einen originellen und exotischen Aufenthalt","robots":{"index":"index","follow":"follow","max-snippet":"max-snippet:-1","max-image-preview":"max-image-preview:large","max-video-preview":"max-video-preview:-1"},"canonical":"https:\/\/www.larivieredoree.com\/de\/ungewoehnliche-unterkunft-in-seine-et-marne\/","og_locale":"de_DE","og_type":"article","og_title":"Ungew\u00f6hnliche Unterkunft in Seine et Marne f\u00fcr eine atypische Nacht (77)","og_description":"Entdecken Sie ungew\u00f6hnliche Unterk\u00fcnfte in Seine-et-Marne: einzigartige Unterk\u00fcnfte, erhaltene Natur und unvergessliche Erlebnisse f\u00fcr einen originellen und exotischen Aufenthalt","og_url":"https:\/\/www.larivieredoree.com\/de\/ungewoehnliche-unterkunft-in-seine-et-marne\/","og_site_name":"La Rivi\u00e8re Dor\u00e9e","article_publisher":"https:\/\/www.facebook.com\/campinglarivieredoree","article_modified_time":"2026-01-21T06:20:18+00:00","og_image":[{"width":1200,"height":675,"url":"https:\/\/www.larivieredoree.com\/wp-content\/uploads\/2026\/02\/Camping-La-Riviere-Doree.jpg","type":"image\/jpeg"}],"twitter_card":"summary_large_image","schema":{"@context":"https:\/\/schema.org","@graph":[{"@type":"WebPage","@id":"https:\/\/www.larivieredoree.com\/de\/ungewoehnliche-unterkunft-in-seine-et-marne\/","url":"https:\/\/www.larivieredoree.com\/de\/ungewoehnliche-unterkunft-in-seine-et-marne\/","name":"Ungew\u00f6hnliche Unterkunft in Seine et Marne f\u00fcr eine atypische Nacht (77)","isPartOf":{"@id":"https:\/\/www.larivieredoree.com\/de\/#website"},"datePublished":"2026-01-21T06:00:37+00:00","dateModified":"2026-01-21T06:20:18+00:00","description":"Entdecken Sie ungew\u00f6hnliche Unterk\u00fcnfte in Seine-et-Marne: einzigartige Unterk\u00fcnfte, erhaltene Natur und unvergessliche Erlebnisse f\u00fcr einen originellen und exotischen Aufenthalt","breadcrumb":{"@id":"https:\/\/www.larivieredoree.com\/de\/ungewoehnliche-unterkunft-in-seine-et-marne\/#breadcrumb"},"inLanguage":"de","potentialAction":[{"@type":"ReadAction","target":["https:\/\/www.larivieredoree.com\/de\/ungewoehnliche-unterkunft-in-seine-et-marne\/"]}]},{"@type":"BreadcrumbList","@id":"https:\/\/www.larivieredoree.com\/de\/ungewoehnliche-unterkunft-in-seine-et-marne\/#breadcrumb","itemListElement":[{"@type":"ListItem","position":1,"name":"Startseite","item":"https:\/\/www.larivieredoree.com\/de\/"},{"@type":"ListItem","position":2,"name":"Ungew\u00f6hnliche Unterkunft in Seine et Marne"}]},{"@type":"WebSite","@id":"https:\/\/www.larivieredoree.com\/de\/#website","url":"https:\/\/www.larivieredoree.com\/de\/","name":"Camping La Rivi\u00e8re Dor\u00e9e","description":"Camping 3 \u00e9toiles Fontainebleau","publisher":{"@id":"https:\/\/www.larivieredoree.com\/de\/#organization"},"potentialAction":[{"@type":"SearchAction","target":{"@type":"EntryPoint","urlTemplate":"https:\/\/www.larivieredoree.com\/de\/?s={search_term_string}"},"query-input":{"@type":"PropertyValueSpecification","valueRequired":true,"valueName":"search_term_string"}}],"inLanguage":"de"},{"@type":"Organization","@id":"https:\/\/www.larivieredoree.com\/de\/#organization","name":"Camping La Rivi\u00e8re Dor\u00e9e","url":"https:\/\/www.larivieredoree.com\/de\/","logo":{"@type":"ImageObject","inLanguage":"de","@id":"https:\/\/www.larivieredoree.com\/de\/#\/schema\/logo\/image\/","url":"https:\/\/www.larivieredoree.com\/wp-content\/uploads\/2026\/02\/Logo-Riviere-Doree.png","contentUrl":"https:\/\/www.larivieredoree.com\/wp-content\/uploads\/2026\/02\/Logo-Riviere-Doree.png","width":696,"height":696,"caption":"Camping La Rivi\u00e8re Dor\u00e9e"},"image":{"@id":"https:\/\/www.larivieredoree.com\/de\/#\/schema\/logo\/image\/"},"sameAs":["https:\/\/www.facebook.com\/campinglarivieredoree","https:\/\/www.instagram.com\/campinglarivieredoree\/","https:\/\/fr.pinterest.com\/campinglarivieredoree\/","https:\/\/www.tiktok.com\/@campinglarivieredoree"]}]}},"_links":{"self":[{"href":"https:\/\/www.larivieredoree.com\/de\/wp-json\/wp\/v2\/pages\/1683","targetHints":{"allow":["GET"]}}],"collection":[{"href":"https:\/\/www.larivieredoree.com\/de\/wp-json\/wp\/v2\/pages"}],"about":[{"href":"https:\/\/www.larivieredoree.com\/de\/wp-json\/wp\/v2\/types\/page"}],"author":[{"embeddable":true,"href":"https:\/\/www.larivieredoree.com\/de\/wp-json\/wp\/v2\/users\/2"}],"replies":[{"embeddable":true,"href":"https:\/\/www.larivieredoree.com\/de\/wp-json\/wp\/v2\/comments?post=1683"}],"version-history":[{"count":2,"href":"https:\/\/www.larivieredoree.com\/de\/wp-json\/wp\/v2\/pages\/1683\/revisions"}],"predecessor-version":[{"id":1685,"href":"https:\/\/www.larivieredoree.com\/de\/wp-json\/wp\/v2\/pages\/1683\/revisions\/1685"}],"wp:attachment":[{"href":"https:\/\/www.larivieredoree.com\/de\/wp-json\/wp\/v2\/media?parent=1683"}],"curies":[{"name":"wp","href":"https:\/\/api.w.org\/{rel}","templated":true}]}}