{"id":1369,"date":"2026-01-19T06:22:31","date_gmt":"2026-01-19T06:22:31","guid":{"rendered":"https:\/\/www.larivieredoree.com\/zoo-seine-et-marne\/"},"modified":"2026-02-23T15:05:24","modified_gmt":"2026-02-23T15:05:24","slug":"zoo-seine-et-marne-2","status":"publish","type":"page","link":"https:\/\/www.larivieredoree.com\/en\/tourism-in-seine-et-marne\/zoo-seine-et-marne-2\/","title":{"rendered":"L&#8217;appel de la savane : d\u00e9couvrez les parcs animaliers de Seine-et-Marne"},"content":{"rendered":"","protected":false},"excerpt":{"rendered":"","protected":false},"author":2,"featured_media":1364,"parent":1472,"menu_order":0,"comment_status":"closed","ping_status":"closed","template":"","meta":{"_acf_changed":false,"footnotes":""},"class_list":["post-1369","page","type-page","status-publish","has-post-thumbnail","hentry"],"acf":[],"yoast_head":"<!-- This site is optimized with the Yoast SEO plugin v27.3 - https:\/\/yoast.com\/product\/yoast-seo-wordpress\/ -->\n<title>Zoo Seine-et-Marne: A Closer Look at the Wildlife Parks of Seine-et-Marne (77)<\/title>\n<meta name=\"description\" content=\"Embark on an adventure through the zoos of Seine-et-Marne: fascinating animals, family activities, and unforgettable encounters in the heart of nature\" \/>\n<meta name=\"robots\" content=\"index, follow, max-snippet:-1, max-image-preview:large, max-video-preview:-1\" \/>\n<link rel=\"canonical\" href=\"https:\/\/www.larivieredoree.com\/en\/tourism-in-seine-et-marne\/zoo-seine-et-marne-2\/\" \/>\n<meta property=\"og:locale\" content=\"en_US\" \/>\n<meta property=\"og:type\" content=\"article\" \/>\n<meta property=\"og:title\" content=\"Zoo Seine-et-Marne: A Closer Look at the Wildlife Parks of Seine-et-Marne (77)\" \/>\n<meta property=\"og:description\" content=\"Embark on an adventure through the zoos of Seine-et-Marne: fascinating animals, family activities, and unforgettable encounters in the heart of nature\" \/>\n<meta property=\"og:url\" content=\"https:\/\/www.larivieredoree.com\/en\/tourism-in-seine-et-marne\/zoo-seine-et-marne-2\/\" \/>\n<meta property=\"og:site_name\" content=\"La Rivi\u00e8re Dor\u00e9e\" \/>\n<meta property=\"article:publisher\" content=\"https:\/\/www.facebook.com\/campinglarivieredoree\" \/>\n<meta property=\"article:modified_time\" content=\"2026-02-23T15:05:24+00:00\" \/>\n<meta property=\"og:image\" content=\"https:\/\/www.larivieredoree.com\/wp-content\/uploads\/2026\/01\/parcs-animaliers-de-Seine-et-Marne.jpg\" \/>\n\t<meta property=\"og:image:width\" content=\"1800\" \/>\n\t<meta property=\"og:image:height\" content=\"660\" \/>\n\t<meta property=\"og:image:type\" content=\"image\/jpeg\" \/>\n<meta name=\"twitter:card\" content=\"summary_large_image\" \/>\n<meta name=\"twitter:label1\" content=\"Est. reading time\" \/>\n\t<meta name=\"twitter:data1\" content=\"1 minute\" \/>\n<script type=\"application\/ld+json\" class=\"yoast-schema-graph\">{\"@context\":\"https:\\\/\\\/schema.org\",\"@graph\":[{\"@type\":\"WebPage\",\"@id\":\"https:\\\/\\\/www.larivieredoree.com\\\/en\\\/tourism-in-seine-et-marne\\\/zoo-seine-et-marne-2\\\/\",\"url\":\"https:\\\/\\\/www.larivieredoree.com\\\/en\\\/tourism-in-seine-et-marne\\\/zoo-seine-et-marne-2\\\/\",\"name\":\"Zoo Seine-et-Marne: A Closer Look at the Wildlife Parks of Seine-et-Marne (77)\",\"isPartOf\":{\"@id\":\"https:\\\/\\\/www.larivieredoree.com\\\/en\\\/#website\"},\"primaryImageOfPage\":{\"@id\":\"https:\\\/\\\/www.larivieredoree.com\\\/en\\\/tourism-in-seine-et-marne\\\/zoo-seine-et-marne-2\\\/#primaryimage\"},\"image\":{\"@id\":\"https:\\\/\\\/www.larivieredoree.com\\\/en\\\/tourism-in-seine-et-marne\\\/zoo-seine-et-marne-2\\\/#primaryimage\"},\"thumbnailUrl\":\"https:\\\/\\\/www.larivieredoree.com\\\/wp-content\\\/uploads\\\/2026\\\/01\\\/parcs-animaliers-de-Seine-et-Marne.jpg\",\"datePublished\":\"2026-01-19T06:22:31+00:00\",\"dateModified\":\"2026-02-23T15:05:24+00:00\",\"description\":\"Embark on an adventure through the zoos of Seine-et-Marne: fascinating animals, family activities, and unforgettable encounters in the heart of nature\",\"breadcrumb\":{\"@id\":\"https:\\\/\\\/www.larivieredoree.com\\\/en\\\/tourism-in-seine-et-marne\\\/zoo-seine-et-marne-2\\\/#breadcrumb\"},\"inLanguage\":\"en-US\",\"potentialAction\":[{\"@type\":\"ReadAction\",\"target\":[\"https:\\\/\\\/www.larivieredoree.com\\\/en\\\/tourism-in-seine-et-marne\\\/zoo-seine-et-marne-2\\\/\"]}]},{\"@type\":\"ImageObject\",\"inLanguage\":\"en-US\",\"@id\":\"https:\\\/\\\/www.larivieredoree.com\\\/en\\\/tourism-in-seine-et-marne\\\/zoo-seine-et-marne-2\\\/#primaryimage\",\"url\":\"https:\\\/\\\/www.larivieredoree.com\\\/wp-content\\\/uploads\\\/2026\\\/01\\\/parcs-animaliers-de-Seine-et-Marne.jpg\",\"contentUrl\":\"https:\\\/\\\/www.larivieredoree.com\\\/wp-content\\\/uploads\\\/2026\\\/01\\\/parcs-animaliers-de-Seine-et-Marne.jpg\",\"width\":1800,\"height\":660},{\"@type\":\"BreadcrumbList\",\"@id\":\"https:\\\/\\\/www.larivieredoree.com\\\/en\\\/tourism-in-seine-et-marne\\\/zoo-seine-et-marne-2\\\/#breadcrumb\",\"itemListElement\":[{\"@type\":\"ListItem\",\"position\":1,\"name\":\"Home\",\"item\":\"https:\\\/\\\/www.larivieredoree.com\\\/en\\\/\"},{\"@type\":\"ListItem\",\"position\":2,\"name\":\"Tourism in Seine-et-Marne\",\"item\":\"https:\\\/\\\/www.larivieredoree.com\\\/en\\\/tourism-in-seine-et-marne\\\/\"},{\"@type\":\"ListItem\",\"position\":3,\"name\":\"Zoo Seine-et-Marne\"}]},{\"@type\":\"WebSite\",\"@id\":\"https:\\\/\\\/www.larivieredoree.com\\\/en\\\/#website\",\"url\":\"https:\\\/\\\/www.larivieredoree.com\\\/en\\\/\",\"name\":\"Camping La Rivi\u00e8re Dor\u00e9e\",\"description\":\"Camping 3 \u00e9toiles Fontainebleau\",\"publisher\":{\"@id\":\"https:\\\/\\\/www.larivieredoree.com\\\/en\\\/#organization\"},\"potentialAction\":[{\"@type\":\"SearchAction\",\"target\":{\"@type\":\"EntryPoint\",\"urlTemplate\":\"https:\\\/\\\/www.larivieredoree.com\\\/en\\\/?s={search_term_string}\"},\"query-input\":{\"@type\":\"PropertyValueSpecification\",\"valueRequired\":true,\"valueName\":\"search_term_string\"}}],\"inLanguage\":\"en-US\"},{\"@type\":\"Organization\",\"@id\":\"https:\\\/\\\/www.larivieredoree.com\\\/en\\\/#organization\",\"name\":\"Camping La Rivi\u00e8re Dor\u00e9e\",\"url\":\"https:\\\/\\\/www.larivieredoree.com\\\/en\\\/\",\"logo\":{\"@type\":\"ImageObject\",\"inLanguage\":\"en-US\",\"@id\":\"https:\\\/\\\/www.larivieredoree.com\\\/en\\\/#\\\/schema\\\/logo\\\/image\\\/\",\"url\":\"https:\\\/\\\/www.larivieredoree.com\\\/wp-content\\\/uploads\\\/2026\\\/02\\\/Logo-Riviere-Doree.png\",\"contentUrl\":\"https:\\\/\\\/www.larivieredoree.com\\\/wp-content\\\/uploads\\\/2026\\\/02\\\/Logo-Riviere-Doree.png\",\"width\":696,\"height\":696,\"caption\":\"Camping La Rivi\u00e8re Dor\u00e9e\"},\"image\":{\"@id\":\"https:\\\/\\\/www.larivieredoree.com\\\/en\\\/#\\\/schema\\\/logo\\\/image\\\/\"},\"sameAs\":[\"https:\\\/\\\/www.facebook.com\\\/campinglarivieredoree\",\"https:\\\/\\\/www.instagram.com\\\/campinglarivieredoree\\\/\",\"https:\\\/\\\/fr.pinterest.com\\\/campinglarivieredoree\\\/\",\"https:\\\/\\\/www.tiktok.com\\\/@campinglarivieredoree\"]}]}<\/script>\n<!-- \/ Yoast SEO plugin. -->","yoast_head_json":{"title":"Zoo Seine-et-Marne: A Closer Look at the Wildlife Parks of Seine-et-Marne (77)","description":"Embark on an adventure through the zoos of Seine-et-Marne: fascinating animals, family activities, and unforgettable encounters in the heart of nature","robots":{"index":"index","follow":"follow","max-snippet":"max-snippet:-1","max-image-preview":"max-image-preview:large","max-video-preview":"max-video-preview:-1"},"canonical":"https:\/\/www.larivieredoree.com\/en\/tourism-in-seine-et-marne\/zoo-seine-et-marne-2\/","og_locale":"en_US","og_type":"article","og_title":"Zoo Seine-et-Marne: A Closer Look at the Wildlife Parks of Seine-et-Marne (77)","og_description":"Embark on an adventure through the zoos of Seine-et-Marne: fascinating animals, family activities, and unforgettable encounters in the heart of nature","og_url":"https:\/\/www.larivieredoree.com\/en\/tourism-in-seine-et-marne\/zoo-seine-et-marne-2\/","og_site_name":"La Rivi\u00e8re Dor\u00e9e","article_publisher":"https:\/\/www.facebook.com\/campinglarivieredoree","article_modified_time":"2026-02-23T15:05:24+00:00","og_image":[{"width":1800,"height":660,"url":"https:\/\/www.larivieredoree.com\/wp-content\/uploads\/2026\/01\/parcs-animaliers-de-Seine-et-Marne.jpg","type":"image\/jpeg"}],"twitter_card":"summary_large_image","twitter_misc":{"Est. reading time":"1 minute"},"schema":{"@context":"https:\/\/schema.org","@graph":[{"@type":"WebPage","@id":"https:\/\/www.larivieredoree.com\/en\/tourism-in-seine-et-marne\/zoo-seine-et-marne-2\/","url":"https:\/\/www.larivieredoree.com\/en\/tourism-in-seine-et-marne\/zoo-seine-et-marne-2\/","name":"Zoo Seine-et-Marne: A Closer Look at the Wildlife Parks of Seine-et-Marne (77)","isPartOf":{"@id":"https:\/\/www.larivieredoree.com\/en\/#website"},"primaryImageOfPage":{"@id":"https:\/\/www.larivieredoree.com\/en\/tourism-in-seine-et-marne\/zoo-seine-et-marne-2\/#primaryimage"},"image":{"@id":"https:\/\/www.larivieredoree.com\/en\/tourism-in-seine-et-marne\/zoo-seine-et-marne-2\/#primaryimage"},"thumbnailUrl":"https:\/\/www.larivieredoree.com\/wp-content\/uploads\/2026\/01\/parcs-animaliers-de-Seine-et-Marne.jpg","datePublished":"2026-01-19T06:22:31+00:00","dateModified":"2026-02-23T15:05:24+00:00","description":"Embark on an adventure through the zoos of Seine-et-Marne: fascinating animals, family activities, and unforgettable encounters in the heart of nature","breadcrumb":{"@id":"https:\/\/www.larivieredoree.com\/en\/tourism-in-seine-et-marne\/zoo-seine-et-marne-2\/#breadcrumb"},"inLanguage":"en-US","potentialAction":[{"@type":"ReadAction","target":["https:\/\/www.larivieredoree.com\/en\/tourism-in-seine-et-marne\/zoo-seine-et-marne-2\/"]}]},{"@type":"ImageObject","inLanguage":"en-US","@id":"https:\/\/www.larivieredoree.com\/en\/tourism-in-seine-et-marne\/zoo-seine-et-marne-2\/#primaryimage","url":"https:\/\/www.larivieredoree.com\/wp-content\/uploads\/2026\/01\/parcs-animaliers-de-Seine-et-Marne.jpg","contentUrl":"https:\/\/www.larivieredoree.com\/wp-content\/uploads\/2026\/01\/parcs-animaliers-de-Seine-et-Marne.jpg","width":1800,"height":660},{"@type":"BreadcrumbList","@id":"https:\/\/www.larivieredoree.com\/en\/tourism-in-seine-et-marne\/zoo-seine-et-marne-2\/#breadcrumb","itemListElement":[{"@type":"ListItem","position":1,"name":"Home","item":"https:\/\/www.larivieredoree.com\/en\/"},{"@type":"ListItem","position":2,"name":"Tourism in Seine-et-Marne","item":"https:\/\/www.larivieredoree.com\/en\/tourism-in-seine-et-marne\/"},{"@type":"ListItem","position":3,"name":"Zoo Seine-et-Marne"}]},{"@type":"WebSite","@id":"https:\/\/www.larivieredoree.com\/en\/#website","url":"https:\/\/www.larivieredoree.com\/en\/","name":"Camping La Rivi\u00e8re Dor\u00e9e","description":"Camping 3 \u00e9toiles Fontainebleau","publisher":{"@id":"https:\/\/www.larivieredoree.com\/en\/#organization"},"potentialAction":[{"@type":"SearchAction","target":{"@type":"EntryPoint","urlTemplate":"https:\/\/www.larivieredoree.com\/en\/?s={search_term_string}"},"query-input":{"@type":"PropertyValueSpecification","valueRequired":true,"valueName":"search_term_string"}}],"inLanguage":"en-US"},{"@type":"Organization","@id":"https:\/\/www.larivieredoree.com\/en\/#organization","name":"Camping La Rivi\u00e8re Dor\u00e9e","url":"https:\/\/www.larivieredoree.com\/en\/","logo":{"@type":"ImageObject","inLanguage":"en-US","@id":"https:\/\/www.larivieredoree.com\/en\/#\/schema\/logo\/image\/","url":"https:\/\/www.larivieredoree.com\/wp-content\/uploads\/2026\/02\/Logo-Riviere-Doree.png","contentUrl":"https:\/\/www.larivieredoree.com\/wp-content\/uploads\/2026\/02\/Logo-Riviere-Doree.png","width":696,"height":696,"caption":"Camping La Rivi\u00e8re Dor\u00e9e"},"image":{"@id":"https:\/\/www.larivieredoree.com\/en\/#\/schema\/logo\/image\/"},"sameAs":["https:\/\/www.facebook.com\/campinglarivieredoree","https:\/\/www.instagram.com\/campinglarivieredoree\/","https:\/\/fr.pinterest.com\/campinglarivieredoree\/","https:\/\/www.tiktok.com\/@campinglarivieredoree"]}]}},"_links":{"self":[{"href":"https:\/\/www.larivieredoree.com\/en\/wp-json\/wp\/v2\/pages\/1369","targetHints":{"allow":["GET"]}}],"collection":[{"href":"https:\/\/www.larivieredoree.com\/en\/wp-json\/wp\/v2\/pages"}],"about":[{"href":"https:\/\/www.larivieredoree.com\/en\/wp-json\/wp\/v2\/types\/page"}],"author":[{"embeddable":true,"href":"https:\/\/www.larivieredoree.com\/en\/wp-json\/wp\/v2\/users\/2"}],"replies":[{"embeddable":true,"href":"https:\/\/www.larivieredoree.com\/en\/wp-json\/wp\/v2\/comments?post=1369"}],"version-history":[{"count":1,"href":"https:\/\/www.larivieredoree.com\/en\/wp-json\/wp\/v2\/pages\/1369\/revisions"}],"predecessor-version":[{"id":1371,"href":"https:\/\/www.larivieredoree.com\/en\/wp-json\/wp\/v2\/pages\/1369\/revisions\/1371"}],"up":[{"embeddable":true,"href":"https:\/\/www.larivieredoree.com\/en\/wp-json\/wp\/v2\/pages\/1472"}],"wp:featuredmedia":[{"embeddable":true,"href":"https:\/\/www.larivieredoree.com\/en\/wp-json\/wp\/v2\/media\/1364"}],"wp:attachment":[{"href":"https:\/\/www.larivieredoree.com\/en\/wp-json\/wp\/v2\/media?parent=1369"}],"curies":[{"name":"wp","href":"https:\/\/api.w.org\/{rel}","templated":true}]}}