{"id":1354,"date":"2026-01-21T08:11:51","date_gmt":"2026-01-21T08:11:51","guid":{"rendered":"https:\/\/www.larivieredoree.com\/?page_id=1354"},"modified":"2026-01-22T13:56:25","modified_gmt":"2026-01-22T13:56:25","slug":"musee-seine-et-marne","status":"publish","type":"page","link":"https:\/\/www.larivieredoree.com\/fr\/seine-et-marne\/musee-seine-et-marne\/","title":{"rendered":"Mus\u00e9es en Seine et Marne"},"content":{"rendered":"","protected":false},"excerpt":{"rendered":"","protected":false},"author":2,"featured_media":1355,"parent":1018,"menu_order":0,"comment_status":"closed","ping_status":"closed","template":"","meta":{"_acf_changed":false,"footnotes":""},"class_list":["post-1354","page","type-page","status-publish","has-post-thumbnail","hentry"],"acf":[],"yoast_head":"<!-- This site is optimized with the Yoast SEO plugin v27.3 - https:\/\/yoast.com\/product\/yoast-seo-wordpress\/ -->\n<title>Les 5 Mus\u00e9es de Seine et Marne \u00e0 visiter<\/title>\n<meta name=\"description\" content=\"Envie de culture proche de Paris ? D\u00e9couvrez 5 mus\u00e9es incontournables en Seine-et-Marne : art \u00e0 Barbizon, histoire \u00e0 Meaux, mus\u00e9e de Nemours, Maison Louis Braille\u2026 id\u00e9es visite en famille.\" \/>\n<meta name=\"robots\" content=\"index, follow, max-snippet:-1, max-image-preview:large, max-video-preview:-1\" \/>\n<link rel=\"canonical\" href=\"https:\/\/www.larivieredoree.com\/fr\/seine-et-marne\/musee-seine-et-marne\/\" \/>\n<meta property=\"og:locale\" content=\"fr_FR\" \/>\n<meta property=\"og:type\" content=\"article\" \/>\n<meta property=\"og:title\" content=\"Les 5 Mus\u00e9es de Seine et Marne \u00e0 visiter\" \/>\n<meta property=\"og:description\" content=\"Envie de culture proche de Paris ? D\u00e9couvrez 5 mus\u00e9es incontournables en Seine-et-Marne : art \u00e0 Barbizon, histoire \u00e0 Meaux, mus\u00e9e de Nemours, Maison Louis Braille\u2026 id\u00e9es visite en famille.\" \/>\n<meta property=\"og:url\" content=\"https:\/\/www.larivieredoree.com\/fr\/seine-et-marne\/musee-seine-et-marne\/\" \/>\n<meta property=\"og:site_name\" content=\"La Rivi\u00e8re Dor\u00e9e\" \/>\n<meta property=\"article:publisher\" content=\"https:\/\/www.facebook.com\/campinglarivieredoree\" \/>\n<meta property=\"article:modified_time\" content=\"2026-01-22T13:56:25+00:00\" \/>\n<meta property=\"og:image\" content=\"https:\/\/www.larivieredoree.com\/wp-content\/uploads\/2026\/01\/Musees-en-Seine-et-Marne.jpg\" \/>\n\t<meta property=\"og:image:width\" content=\"1800\" \/>\n\t<meta property=\"og:image:height\" content=\"660\" \/>\n\t<meta property=\"og:image:type\" content=\"image\/jpeg\" \/>\n<meta name=\"twitter:card\" content=\"summary_large_image\" \/>\n<meta name=\"twitter:label1\" content=\"Dur\u00e9e de lecture estim\u00e9e\" \/>\n\t<meta name=\"twitter:data1\" content=\"1 minute\" \/>\n<script type=\"application\/ld+json\" class=\"yoast-schema-graph\">{\"@context\":\"https:\\\/\\\/schema.org\",\"@graph\":[{\"@type\":\"WebPage\",\"@id\":\"https:\\\/\\\/www.larivieredoree.com\\\/fr\\\/seine-et-marne\\\/musee-seine-et-marne\\\/\",\"url\":\"https:\\\/\\\/www.larivieredoree.com\\\/fr\\\/seine-et-marne\\\/musee-seine-et-marne\\\/\",\"name\":\"Les 5 Mus\u00e9es de Seine et Marne \u00e0 visiter\",\"isPartOf\":{\"@id\":\"https:\\\/\\\/www.larivieredoree.com\\\/fr\\\/#website\"},\"primaryImageOfPage\":{\"@id\":\"https:\\\/\\\/www.larivieredoree.com\\\/fr\\\/seine-et-marne\\\/musee-seine-et-marne\\\/#primaryimage\"},\"image\":{\"@id\":\"https:\\\/\\\/www.larivieredoree.com\\\/fr\\\/seine-et-marne\\\/musee-seine-et-marne\\\/#primaryimage\"},\"thumbnailUrl\":\"https:\\\/\\\/www.larivieredoree.com\\\/wp-content\\\/uploads\\\/2026\\\/01\\\/Musees-en-Seine-et-Marne.jpg\",\"datePublished\":\"2026-01-21T08:11:51+00:00\",\"dateModified\":\"2026-01-22T13:56:25+00:00\",\"description\":\"Envie de culture proche de Paris ? D\u00e9couvrez 5 mus\u00e9es incontournables en Seine-et-Marne : art \u00e0 Barbizon, histoire \u00e0 Meaux, mus\u00e9e de Nemours, Maison Louis Braille\u2026 id\u00e9es visite en famille.\",\"breadcrumb\":{\"@id\":\"https:\\\/\\\/www.larivieredoree.com\\\/fr\\\/seine-et-marne\\\/musee-seine-et-marne\\\/#breadcrumb\"},\"inLanguage\":\"fr-FR\",\"potentialAction\":[{\"@type\":\"ReadAction\",\"target\":[\"https:\\\/\\\/www.larivieredoree.com\\\/fr\\\/seine-et-marne\\\/musee-seine-et-marne\\\/\"]}]},{\"@type\":\"ImageObject\",\"inLanguage\":\"fr-FR\",\"@id\":\"https:\\\/\\\/www.larivieredoree.com\\\/fr\\\/seine-et-marne\\\/musee-seine-et-marne\\\/#primaryimage\",\"url\":\"https:\\\/\\\/www.larivieredoree.com\\\/wp-content\\\/uploads\\\/2026\\\/01\\\/Musees-en-Seine-et-Marne.jpg\",\"contentUrl\":\"https:\\\/\\\/www.larivieredoree.com\\\/wp-content\\\/uploads\\\/2026\\\/01\\\/Musees-en-Seine-et-Marne.jpg\",\"width\":1800,\"height\":660},{\"@type\":\"BreadcrumbList\",\"@id\":\"https:\\\/\\\/www.larivieredoree.com\\\/fr\\\/seine-et-marne\\\/musee-seine-et-marne\\\/#breadcrumb\",\"itemListElement\":[{\"@type\":\"ListItem\",\"position\":1,\"name\":\"Camping Fontainebleau\",\"item\":\"https:\\\/\\\/www.larivieredoree.com\\\/fr\\\/\"},{\"@type\":\"ListItem\",\"position\":2,\"name\":\"Tourisme Seine et Marne\",\"item\":\"https:\\\/\\\/www.larivieredoree.com\\\/fr\\\/seine-et-marne\\\/\"},{\"@type\":\"ListItem\",\"position\":3,\"name\":\"Mus\u00e9es de Seine et Marn\"}]},{\"@type\":\"WebSite\",\"@id\":\"https:\\\/\\\/www.larivieredoree.com\\\/fr\\\/#website\",\"url\":\"https:\\\/\\\/www.larivieredoree.com\\\/fr\\\/\",\"name\":\"Camping La Rivi\u00e8re Dor\u00e9e\",\"description\":\"Camping 3 \u00e9toiles Fontainebleau\",\"publisher\":{\"@id\":\"https:\\\/\\\/www.larivieredoree.com\\\/fr\\\/#organization\"},\"potentialAction\":[{\"@type\":\"SearchAction\",\"target\":{\"@type\":\"EntryPoint\",\"urlTemplate\":\"https:\\\/\\\/www.larivieredoree.com\\\/fr\\\/?s={search_term_string}\"},\"query-input\":{\"@type\":\"PropertyValueSpecification\",\"valueRequired\":true,\"valueName\":\"search_term_string\"}}],\"inLanguage\":\"fr-FR\"},{\"@type\":\"Organization\",\"@id\":\"https:\\\/\\\/www.larivieredoree.com\\\/fr\\\/#organization\",\"name\":\"Camping La Rivi\u00e8re Dor\u00e9e\",\"url\":\"https:\\\/\\\/www.larivieredoree.com\\\/fr\\\/\",\"logo\":{\"@type\":\"ImageObject\",\"inLanguage\":\"fr-FR\",\"@id\":\"https:\\\/\\\/www.larivieredoree.com\\\/fr\\\/#\\\/schema\\\/logo\\\/image\\\/\",\"url\":\"https:\\\/\\\/www.larivieredoree.com\\\/wp-content\\\/uploads\\\/2026\\\/02\\\/Logo-Riviere-Doree.png\",\"contentUrl\":\"https:\\\/\\\/www.larivieredoree.com\\\/wp-content\\\/uploads\\\/2026\\\/02\\\/Logo-Riviere-Doree.png\",\"width\":696,\"height\":696,\"caption\":\"Camping La Rivi\u00e8re Dor\u00e9e\"},\"image\":{\"@id\":\"https:\\\/\\\/www.larivieredoree.com\\\/fr\\\/#\\\/schema\\\/logo\\\/image\\\/\"},\"sameAs\":[\"https:\\\/\\\/www.facebook.com\\\/campinglarivieredoree\",\"https:\\\/\\\/www.instagram.com\\\/campinglarivieredoree\\\/\",\"https:\\\/\\\/fr.pinterest.com\\\/campinglarivieredoree\\\/\",\"https:\\\/\\\/www.tiktok.com\\\/@campinglarivieredoree\"]}]}<\/script>\n<!-- \/ Yoast SEO plugin. -->","yoast_head_json":{"title":"Les 5 Mus\u00e9es de Seine et Marne \u00e0 visiter","description":"Envie de culture proche de Paris ? D\u00e9couvrez 5 mus\u00e9es incontournables en Seine-et-Marne : art \u00e0 Barbizon, histoire \u00e0 Meaux, mus\u00e9e de Nemours, Maison Louis Braille\u2026 id\u00e9es visite en famille.","robots":{"index":"index","follow":"follow","max-snippet":"max-snippet:-1","max-image-preview":"max-image-preview:large","max-video-preview":"max-video-preview:-1"},"canonical":"https:\/\/www.larivieredoree.com\/fr\/seine-et-marne\/musee-seine-et-marne\/","og_locale":"fr_FR","og_type":"article","og_title":"Les 5 Mus\u00e9es de Seine et Marne \u00e0 visiter","og_description":"Envie de culture proche de Paris ? D\u00e9couvrez 5 mus\u00e9es incontournables en Seine-et-Marne : art \u00e0 Barbizon, histoire \u00e0 Meaux, mus\u00e9e de Nemours, Maison Louis Braille\u2026 id\u00e9es visite en famille.","og_url":"https:\/\/www.larivieredoree.com\/fr\/seine-et-marne\/musee-seine-et-marne\/","og_site_name":"La Rivi\u00e8re Dor\u00e9e","article_publisher":"https:\/\/www.facebook.com\/campinglarivieredoree","article_modified_time":"2026-01-22T13:56:25+00:00","og_image":[{"width":1800,"height":660,"url":"https:\/\/www.larivieredoree.com\/wp-content\/uploads\/2026\/01\/Musees-en-Seine-et-Marne.jpg","type":"image\/jpeg"}],"twitter_card":"summary_large_image","twitter_misc":{"Dur\u00e9e de lecture estim\u00e9e":"1 minute"},"schema":{"@context":"https:\/\/schema.org","@graph":[{"@type":"WebPage","@id":"https:\/\/www.larivieredoree.com\/fr\/seine-et-marne\/musee-seine-et-marne\/","url":"https:\/\/www.larivieredoree.com\/fr\/seine-et-marne\/musee-seine-et-marne\/","name":"Les 5 Mus\u00e9es de Seine et Marne \u00e0 visiter","isPartOf":{"@id":"https:\/\/www.larivieredoree.com\/fr\/#website"},"primaryImageOfPage":{"@id":"https:\/\/www.larivieredoree.com\/fr\/seine-et-marne\/musee-seine-et-marne\/#primaryimage"},"image":{"@id":"https:\/\/www.larivieredoree.com\/fr\/seine-et-marne\/musee-seine-et-marne\/#primaryimage"},"thumbnailUrl":"https:\/\/www.larivieredoree.com\/wp-content\/uploads\/2026\/01\/Musees-en-Seine-et-Marne.jpg","datePublished":"2026-01-21T08:11:51+00:00","dateModified":"2026-01-22T13:56:25+00:00","description":"Envie de culture proche de Paris ? D\u00e9couvrez 5 mus\u00e9es incontournables en Seine-et-Marne : art \u00e0 Barbizon, histoire \u00e0 Meaux, mus\u00e9e de Nemours, Maison Louis Braille\u2026 id\u00e9es visite en famille.","breadcrumb":{"@id":"https:\/\/www.larivieredoree.com\/fr\/seine-et-marne\/musee-seine-et-marne\/#breadcrumb"},"inLanguage":"fr-FR","potentialAction":[{"@type":"ReadAction","target":["https:\/\/www.larivieredoree.com\/fr\/seine-et-marne\/musee-seine-et-marne\/"]}]},{"@type":"ImageObject","inLanguage":"fr-FR","@id":"https:\/\/www.larivieredoree.com\/fr\/seine-et-marne\/musee-seine-et-marne\/#primaryimage","url":"https:\/\/www.larivieredoree.com\/wp-content\/uploads\/2026\/01\/Musees-en-Seine-et-Marne.jpg","contentUrl":"https:\/\/www.larivieredoree.com\/wp-content\/uploads\/2026\/01\/Musees-en-Seine-et-Marne.jpg","width":1800,"height":660},{"@type":"BreadcrumbList","@id":"https:\/\/www.larivieredoree.com\/fr\/seine-et-marne\/musee-seine-et-marne\/#breadcrumb","itemListElement":[{"@type":"ListItem","position":1,"name":"Camping Fontainebleau","item":"https:\/\/www.larivieredoree.com\/fr\/"},{"@type":"ListItem","position":2,"name":"Tourisme Seine et Marne","item":"https:\/\/www.larivieredoree.com\/fr\/seine-et-marne\/"},{"@type":"ListItem","position":3,"name":"Mus\u00e9es de Seine et Marn"}]},{"@type":"WebSite","@id":"https:\/\/www.larivieredoree.com\/fr\/#website","url":"https:\/\/www.larivieredoree.com\/fr\/","name":"Camping La Rivi\u00e8re Dor\u00e9e","description":"Camping 3 \u00e9toiles Fontainebleau","publisher":{"@id":"https:\/\/www.larivieredoree.com\/fr\/#organization"},"potentialAction":[{"@type":"SearchAction","target":{"@type":"EntryPoint","urlTemplate":"https:\/\/www.larivieredoree.com\/fr\/?s={search_term_string}"},"query-input":{"@type":"PropertyValueSpecification","valueRequired":true,"valueName":"search_term_string"}}],"inLanguage":"fr-FR"},{"@type":"Organization","@id":"https:\/\/www.larivieredoree.com\/fr\/#organization","name":"Camping La Rivi\u00e8re Dor\u00e9e","url":"https:\/\/www.larivieredoree.com\/fr\/","logo":{"@type":"ImageObject","inLanguage":"fr-FR","@id":"https:\/\/www.larivieredoree.com\/fr\/#\/schema\/logo\/image\/","url":"https:\/\/www.larivieredoree.com\/wp-content\/uploads\/2026\/02\/Logo-Riviere-Doree.png","contentUrl":"https:\/\/www.larivieredoree.com\/wp-content\/uploads\/2026\/02\/Logo-Riviere-Doree.png","width":696,"height":696,"caption":"Camping La Rivi\u00e8re Dor\u00e9e"},"image":{"@id":"https:\/\/www.larivieredoree.com\/fr\/#\/schema\/logo\/image\/"},"sameAs":["https:\/\/www.facebook.com\/campinglarivieredoree","https:\/\/www.instagram.com\/campinglarivieredoree\/","https:\/\/fr.pinterest.com\/campinglarivieredoree\/","https:\/\/www.tiktok.com\/@campinglarivieredoree"]}]}},"_links":{"self":[{"href":"https:\/\/www.larivieredoree.com\/fr\/wp-json\/wp\/v2\/pages\/1354","targetHints":{"allow":["GET"]}}],"collection":[{"href":"https:\/\/www.larivieredoree.com\/fr\/wp-json\/wp\/v2\/pages"}],"about":[{"href":"https:\/\/www.larivieredoree.com\/fr\/wp-json\/wp\/v2\/types\/page"}],"author":[{"embeddable":true,"href":"https:\/\/www.larivieredoree.com\/fr\/wp-json\/wp\/v2\/users\/2"}],"replies":[{"embeddable":true,"href":"https:\/\/www.larivieredoree.com\/fr\/wp-json\/wp\/v2\/comments?post=1354"}],"version-history":[{"count":3,"href":"https:\/\/www.larivieredoree.com\/fr\/wp-json\/wp\/v2\/pages\/1354\/revisions"}],"predecessor-version":[{"id":2367,"href":"https:\/\/www.larivieredoree.com\/fr\/wp-json\/wp\/v2\/pages\/1354\/revisions\/2367"}],"up":[{"embeddable":true,"href":"https:\/\/www.larivieredoree.com\/fr\/wp-json\/wp\/v2\/pages\/1018"}],"wp:featuredmedia":[{"embeddable":true,"href":"https:\/\/www.larivieredoree.com\/fr\/wp-json\/wp\/v2\/media\/1355"}],"wp:attachment":[{"href":"https:\/\/www.larivieredoree.com\/fr\/wp-json\/wp\/v2\/media?parent=1354"}],"curies":[{"name":"wp","href":"https:\/\/api.w.org\/{rel}","templated":true}]}}