{"id":1082,"date":"2026-01-15T16:04:52","date_gmt":"2026-01-15T16:04:52","guid":{"rendered":"https:\/\/www.larivieredoree.com\/team-building-a-fontainebleau\/"},"modified":"2026-01-15T16:12:47","modified_gmt":"2026-01-15T16:12:47","slug":"team-building-in-fontainebleau","status":"publish","type":"page","link":"https:\/\/www.larivieredoree.com\/nl\/team-building-in-fontainebleau\/","title":{"rendered":"Teambuilding in Fontainebleau:"},"content":{"rendered":"","protected":false},"excerpt":{"rendered":"","protected":false},"author":2,"featured_media":2400,"parent":0,"menu_order":0,"comment_status":"closed","ping_status":"closed","template":"","meta":{"_acf_changed":false,"footnotes":""},"class_list":["post-1082","page","type-page","status-publish","has-post-thumbnail","hentry"],"acf":[],"yoast_head":"<!-- This site is optimized with the Yoast SEO plugin v27.3 - https:\/\/yoast.com\/product\/yoast-seo-wordpress\/ -->\n<title>Team building in Fontainebleau: Onze teambuilding activiteiten idee\u00ebn in Fontainebleau, Seine-et-Marne<\/title>\n<meta name=\"description\" content=\"Versterk de cohesie van je team met een teambuilding in Fontainebleau: natuuractiviteiten, sportieve uitdagingen en unieke locaties voor een gedenkwaardige ervaring\" \/>\n<meta name=\"robots\" content=\"index, follow, max-snippet:-1, max-image-preview:large, max-video-preview:-1\" \/>\n<link rel=\"canonical\" href=\"https:\/\/www.larivieredoree.com\/nl\/team-building-in-fontainebleau\/\" \/>\n<meta property=\"og:locale\" content=\"nl_NL\" \/>\n<meta property=\"og:type\" content=\"article\" \/>\n<meta property=\"og:title\" content=\"Team building in Fontainebleau: Onze teambuilding activiteiten idee\u00ebn in Fontainebleau, Seine-et-Marne\" \/>\n<meta property=\"og:description\" content=\"Versterk de cohesie van je team met een teambuilding in Fontainebleau: natuuractiviteiten, sportieve uitdagingen en unieke locaties voor een gedenkwaardige ervaring\" \/>\n<meta property=\"og:url\" content=\"https:\/\/www.larivieredoree.com\/nl\/team-building-in-fontainebleau\/\" \/>\n<meta property=\"og:site_name\" content=\"La Rivi\u00e8re Dor\u00e9e\" \/>\n<meta property=\"article:publisher\" content=\"https:\/\/www.facebook.com\/campinglarivieredoree\" \/>\n<meta property=\"article:modified_time\" content=\"2026-01-15T16:12:47+00:00\" \/>\n<meta property=\"og:image\" content=\"https:\/\/www.larivieredoree.com\/wp-content\/uploads\/2026\/02\/Camping-La-Riviere-Doree.jpg\" \/>\n\t<meta property=\"og:image:width\" content=\"1200\" \/>\n\t<meta property=\"og:image:height\" content=\"675\" \/>\n\t<meta property=\"og:image:type\" content=\"image\/jpeg\" \/>\n<meta name=\"twitter:card\" content=\"summary_large_image\" \/>\n<script type=\"application\/ld+json\" class=\"yoast-schema-graph\">{\"@context\":\"https:\\\/\\\/schema.org\",\"@graph\":[{\"@type\":\"WebPage\",\"@id\":\"https:\\\/\\\/www.larivieredoree.com\\\/nl\\\/team-building-in-fontainebleau\\\/\",\"url\":\"https:\\\/\\\/www.larivieredoree.com\\\/nl\\\/team-building-in-fontainebleau\\\/\",\"name\":\"Team building in Fontainebleau: Onze teambuilding activiteiten idee\u00ebn in Fontainebleau, Seine-et-Marne\",\"isPartOf\":{\"@id\":\"https:\\\/\\\/www.larivieredoree.com\\\/nl\\\/#website\"},\"primaryImageOfPage\":{\"@id\":\"https:\\\/\\\/www.larivieredoree.com\\\/nl\\\/team-building-in-fontainebleau\\\/#primaryimage\"},\"image\":{\"@id\":\"https:\\\/\\\/www.larivieredoree.com\\\/nl\\\/team-building-in-fontainebleau\\\/#primaryimage\"},\"thumbnailUrl\":\"https:\\\/\\\/www.larivieredoree.com\\\/wp-content\\\/uploads\\\/2026\\\/01\\\/organiser-team-building-seine-et-marne.jpg\",\"datePublished\":\"2026-01-15T16:04:52+00:00\",\"dateModified\":\"2026-01-15T16:12:47+00:00\",\"description\":\"Versterk de cohesie van je team met een teambuilding in Fontainebleau: natuuractiviteiten, sportieve uitdagingen en unieke locaties voor een gedenkwaardige ervaring\",\"breadcrumb\":{\"@id\":\"https:\\\/\\\/www.larivieredoree.com\\\/nl\\\/team-building-in-fontainebleau\\\/#breadcrumb\"},\"inLanguage\":\"nl-NL\",\"potentialAction\":[{\"@type\":\"ReadAction\",\"target\":[\"https:\\\/\\\/www.larivieredoree.com\\\/nl\\\/team-building-in-fontainebleau\\\/\"]}]},{\"@type\":\"ImageObject\",\"inLanguage\":\"nl-NL\",\"@id\":\"https:\\\/\\\/www.larivieredoree.com\\\/nl\\\/team-building-in-fontainebleau\\\/#primaryimage\",\"url\":\"https:\\\/\\\/www.larivieredoree.com\\\/wp-content\\\/uploads\\\/2026\\\/01\\\/organiser-team-building-seine-et-marne.jpg\",\"contentUrl\":\"https:\\\/\\\/www.larivieredoree.com\\\/wp-content\\\/uploads\\\/2026\\\/01\\\/organiser-team-building-seine-et-marne.jpg\",\"width\":1800,\"height\":660,\"caption\":\"team building 77\"},{\"@type\":\"BreadcrumbList\",\"@id\":\"https:\\\/\\\/www.larivieredoree.com\\\/nl\\\/team-building-in-fontainebleau\\\/#breadcrumb\",\"itemListElement\":[{\"@type\":\"ListItem\",\"position\":1,\"name\":\"Startpagina\",\"item\":\"https:\\\/\\\/www.larivieredoree.com\\\/nl\\\/\"},{\"@type\":\"ListItem\",\"position\":2,\"name\":\"Team building in Fontainebleau\"}]},{\"@type\":\"WebSite\",\"@id\":\"https:\\\/\\\/www.larivieredoree.com\\\/nl\\\/#website\",\"url\":\"https:\\\/\\\/www.larivieredoree.com\\\/nl\\\/\",\"name\":\"Camping La Rivi\u00e8re Dor\u00e9e\",\"description\":\"Camping 3 \u00e9toiles Fontainebleau\",\"publisher\":{\"@id\":\"https:\\\/\\\/www.larivieredoree.com\\\/nl\\\/#organization\"},\"potentialAction\":[{\"@type\":\"SearchAction\",\"target\":{\"@type\":\"EntryPoint\",\"urlTemplate\":\"https:\\\/\\\/www.larivieredoree.com\\\/nl\\\/?s={search_term_string}\"},\"query-input\":{\"@type\":\"PropertyValueSpecification\",\"valueRequired\":true,\"valueName\":\"search_term_string\"}}],\"inLanguage\":\"nl-NL\"},{\"@type\":\"Organization\",\"@id\":\"https:\\\/\\\/www.larivieredoree.com\\\/nl\\\/#organization\",\"name\":\"Camping La Rivi\u00e8re Dor\u00e9e\",\"url\":\"https:\\\/\\\/www.larivieredoree.com\\\/nl\\\/\",\"logo\":{\"@type\":\"ImageObject\",\"inLanguage\":\"nl-NL\",\"@id\":\"https:\\\/\\\/www.larivieredoree.com\\\/nl\\\/#\\\/schema\\\/logo\\\/image\\\/\",\"url\":\"https:\\\/\\\/www.larivieredoree.com\\\/wp-content\\\/uploads\\\/2026\\\/02\\\/Logo-Riviere-Doree.png\",\"contentUrl\":\"https:\\\/\\\/www.larivieredoree.com\\\/wp-content\\\/uploads\\\/2026\\\/02\\\/Logo-Riviere-Doree.png\",\"width\":696,\"height\":696,\"caption\":\"Camping La Rivi\u00e8re Dor\u00e9e\"},\"image\":{\"@id\":\"https:\\\/\\\/www.larivieredoree.com\\\/nl\\\/#\\\/schema\\\/logo\\\/image\\\/\"},\"sameAs\":[\"https:\\\/\\\/www.facebook.com\\\/campinglarivieredoree\",\"https:\\\/\\\/www.instagram.com\\\/campinglarivieredoree\\\/\",\"https:\\\/\\\/fr.pinterest.com\\\/campinglarivieredoree\\\/\",\"https:\\\/\\\/www.tiktok.com\\\/@campinglarivieredoree\"]}]}<\/script>\n<!-- \/ Yoast SEO plugin. -->","yoast_head_json":{"title":"Team building in Fontainebleau: Onze teambuilding activiteiten idee\u00ebn in Fontainebleau, Seine-et-Marne","description":"Versterk de cohesie van je team met een teambuilding in Fontainebleau: natuuractiviteiten, sportieve uitdagingen en unieke locaties voor een gedenkwaardige ervaring","robots":{"index":"index","follow":"follow","max-snippet":"max-snippet:-1","max-image-preview":"max-image-preview:large","max-video-preview":"max-video-preview:-1"},"canonical":"https:\/\/www.larivieredoree.com\/nl\/team-building-in-fontainebleau\/","og_locale":"nl_NL","og_type":"article","og_title":"Team building in Fontainebleau: Onze teambuilding activiteiten idee\u00ebn in Fontainebleau, Seine-et-Marne","og_description":"Versterk de cohesie van je team met een teambuilding in Fontainebleau: natuuractiviteiten, sportieve uitdagingen en unieke locaties voor een gedenkwaardige ervaring","og_url":"https:\/\/www.larivieredoree.com\/nl\/team-building-in-fontainebleau\/","og_site_name":"La Rivi\u00e8re Dor\u00e9e","article_publisher":"https:\/\/www.facebook.com\/campinglarivieredoree","article_modified_time":"2026-01-15T16:12:47+00:00","og_image":[{"width":1200,"height":675,"url":"https:\/\/www.larivieredoree.com\/wp-content\/uploads\/2026\/02\/Camping-La-Riviere-Doree.jpg","type":"image\/jpeg"}],"twitter_card":"summary_large_image","schema":{"@context":"https:\/\/schema.org","@graph":[{"@type":"WebPage","@id":"https:\/\/www.larivieredoree.com\/nl\/team-building-in-fontainebleau\/","url":"https:\/\/www.larivieredoree.com\/nl\/team-building-in-fontainebleau\/","name":"Team building in Fontainebleau: Onze teambuilding activiteiten idee\u00ebn in Fontainebleau, Seine-et-Marne","isPartOf":{"@id":"https:\/\/www.larivieredoree.com\/nl\/#website"},"primaryImageOfPage":{"@id":"https:\/\/www.larivieredoree.com\/nl\/team-building-in-fontainebleau\/#primaryimage"},"image":{"@id":"https:\/\/www.larivieredoree.com\/nl\/team-building-in-fontainebleau\/#primaryimage"},"thumbnailUrl":"https:\/\/www.larivieredoree.com\/wp-content\/uploads\/2026\/01\/organiser-team-building-seine-et-marne.jpg","datePublished":"2026-01-15T16:04:52+00:00","dateModified":"2026-01-15T16:12:47+00:00","description":"Versterk de cohesie van je team met een teambuilding in Fontainebleau: natuuractiviteiten, sportieve uitdagingen en unieke locaties voor een gedenkwaardige ervaring","breadcrumb":{"@id":"https:\/\/www.larivieredoree.com\/nl\/team-building-in-fontainebleau\/#breadcrumb"},"inLanguage":"nl-NL","potentialAction":[{"@type":"ReadAction","target":["https:\/\/www.larivieredoree.com\/nl\/team-building-in-fontainebleau\/"]}]},{"@type":"ImageObject","inLanguage":"nl-NL","@id":"https:\/\/www.larivieredoree.com\/nl\/team-building-in-fontainebleau\/#primaryimage","url":"https:\/\/www.larivieredoree.com\/wp-content\/uploads\/2026\/01\/organiser-team-building-seine-et-marne.jpg","contentUrl":"https:\/\/www.larivieredoree.com\/wp-content\/uploads\/2026\/01\/organiser-team-building-seine-et-marne.jpg","width":1800,"height":660,"caption":"team building 77"},{"@type":"BreadcrumbList","@id":"https:\/\/www.larivieredoree.com\/nl\/team-building-in-fontainebleau\/#breadcrumb","itemListElement":[{"@type":"ListItem","position":1,"name":"Startpagina","item":"https:\/\/www.larivieredoree.com\/nl\/"},{"@type":"ListItem","position":2,"name":"Team building in Fontainebleau"}]},{"@type":"WebSite","@id":"https:\/\/www.larivieredoree.com\/nl\/#website","url":"https:\/\/www.larivieredoree.com\/nl\/","name":"Camping La Rivi\u00e8re Dor\u00e9e","description":"Camping 3 \u00e9toiles Fontainebleau","publisher":{"@id":"https:\/\/www.larivieredoree.com\/nl\/#organization"},"potentialAction":[{"@type":"SearchAction","target":{"@type":"EntryPoint","urlTemplate":"https:\/\/www.larivieredoree.com\/nl\/?s={search_term_string}"},"query-input":{"@type":"PropertyValueSpecification","valueRequired":true,"valueName":"search_term_string"}}],"inLanguage":"nl-NL"},{"@type":"Organization","@id":"https:\/\/www.larivieredoree.com\/nl\/#organization","name":"Camping La Rivi\u00e8re Dor\u00e9e","url":"https:\/\/www.larivieredoree.com\/nl\/","logo":{"@type":"ImageObject","inLanguage":"nl-NL","@id":"https:\/\/www.larivieredoree.com\/nl\/#\/schema\/logo\/image\/","url":"https:\/\/www.larivieredoree.com\/wp-content\/uploads\/2026\/02\/Logo-Riviere-Doree.png","contentUrl":"https:\/\/www.larivieredoree.com\/wp-content\/uploads\/2026\/02\/Logo-Riviere-Doree.png","width":696,"height":696,"caption":"Camping La Rivi\u00e8re Dor\u00e9e"},"image":{"@id":"https:\/\/www.larivieredoree.com\/nl\/#\/schema\/logo\/image\/"},"sameAs":["https:\/\/www.facebook.com\/campinglarivieredoree","https:\/\/www.instagram.com\/campinglarivieredoree\/","https:\/\/fr.pinterest.com\/campinglarivieredoree\/","https:\/\/www.tiktok.com\/@campinglarivieredoree"]}]}},"_links":{"self":[{"href":"https:\/\/www.larivieredoree.com\/nl\/wp-json\/wp\/v2\/pages\/1082","targetHints":{"allow":["GET"]}}],"collection":[{"href":"https:\/\/www.larivieredoree.com\/nl\/wp-json\/wp\/v2\/pages"}],"about":[{"href":"https:\/\/www.larivieredoree.com\/nl\/wp-json\/wp\/v2\/types\/page"}],"author":[{"embeddable":true,"href":"https:\/\/www.larivieredoree.com\/nl\/wp-json\/wp\/v2\/users\/2"}],"replies":[{"embeddable":true,"href":"https:\/\/www.larivieredoree.com\/nl\/wp-json\/wp\/v2\/comments?post=1082"}],"version-history":[{"count":1,"href":"https:\/\/www.larivieredoree.com\/nl\/wp-json\/wp\/v2\/pages\/1082\/revisions"}],"predecessor-version":[{"id":1084,"href":"https:\/\/www.larivieredoree.com\/nl\/wp-json\/wp\/v2\/pages\/1082\/revisions\/1084"}],"wp:featuredmedia":[{"embeddable":true,"href":"https:\/\/www.larivieredoree.com\/nl\/wp-json\/wp\/v2\/media\/2400"}],"wp:attachment":[{"href":"https:\/\/www.larivieredoree.com\/nl\/wp-json\/wp\/v2\/media?parent=1082"}],"curies":[{"name":"wp","href":"https:\/\/api.w.org\/{rel}","templated":true}]}}