{"id":1269,"date":"2026-01-18T14:00:25","date_gmt":"2026-01-18T14:00:25","guid":{"rendered":"https:\/\/www.larivieredoree.com\/golf-et-mini-golf-en-seine-et-marne\/"},"modified":"2026-02-23T15:15:06","modified_gmt":"2026-02-23T15:15:06","slug":"golf-seine-en-marne","status":"publish","type":"page","link":"https:\/\/www.larivieredoree.com\/nl\/toerisme-in-seine-et-marne\/golf-seine-en-marne\/","title":{"rendered":"Ontdek het plezier van golfen in Seine-et-Marne"},"content":{"rendered":"","protected":false},"excerpt":{"rendered":"","protected":false},"author":2,"featured_media":1265,"parent":1469,"menu_order":0,"comment_status":"closed","ping_status":"closed","template":"","meta":{"_acf_changed":false,"footnotes":""},"class_list":["post-1269","page","type-page","status-publish","has-post-thumbnail","hentry"],"acf":[],"yoast_head":"<!-- This site is optimized with the Yoast SEO plugin v27.3 - https:\/\/yoast.com\/product\/yoast-seo-wordpress\/ -->\n<title>Golf en minigolf in Seine et Marne: Alle golfbanen in 77<\/title>\n<meta name=\"description\" content=\"Ontdek golf en minigolf in Seine-et-Marne: gevarieerde golfbanen, natuurlijke omgevingen en activiteiten voor alle leeftijden. Geniet van een sportief dagje buiten\" \/>\n<meta name=\"robots\" content=\"index, follow, max-snippet:-1, max-image-preview:large, max-video-preview:-1\" \/>\n<link rel=\"canonical\" href=\"https:\/\/www.larivieredoree.com\/nl\/toerisme-in-seine-et-marne\/golf-seine-en-marne\/\" \/>\n<meta property=\"og:locale\" content=\"nl_NL\" \/>\n<meta property=\"og:type\" content=\"article\" \/>\n<meta property=\"og:title\" content=\"Golf en minigolf in Seine et Marne: Alle golfbanen in 77\" \/>\n<meta property=\"og:description\" content=\"Ontdek golf en minigolf in Seine-et-Marne: gevarieerde golfbanen, natuurlijke omgevingen en activiteiten voor alle leeftijden. Geniet van een sportief dagje buiten\" \/>\n<meta property=\"og:url\" content=\"https:\/\/www.larivieredoree.com\/nl\/toerisme-in-seine-et-marne\/golf-seine-en-marne\/\" \/>\n<meta property=\"og:site_name\" content=\"La Rivi\u00e8re Dor\u00e9e\" \/>\n<meta property=\"article:publisher\" content=\"https:\/\/www.facebook.com\/campinglarivieredoree\" \/>\n<meta property=\"article:modified_time\" content=\"2026-02-23T15:15:06+00:00\" \/>\n<meta property=\"og:image\" content=\"https:\/\/www.larivieredoree.com\/wp-content\/uploads\/2026\/01\/golfs-de-Seine-et-Marne.jpg\" \/>\n\t<meta property=\"og:image:width\" content=\"1800\" \/>\n\t<meta property=\"og:image:height\" content=\"660\" \/>\n\t<meta property=\"og:image:type\" content=\"image\/jpeg\" \/>\n<meta name=\"twitter:card\" content=\"summary_large_image\" \/>\n<meta name=\"twitter:label1\" content=\"Geschatte leestijd\" \/>\n\t<meta name=\"twitter:data1\" content=\"1 minuut\" \/>\n<script type=\"application\/ld+json\" class=\"yoast-schema-graph\">{\"@context\":\"https:\\\/\\\/schema.org\",\"@graph\":[{\"@type\":\"WebPage\",\"@id\":\"https:\\\/\\\/www.larivieredoree.com\\\/nl\\\/toerisme-in-seine-et-marne\\\/golf-seine-en-marne\\\/\",\"url\":\"https:\\\/\\\/www.larivieredoree.com\\\/nl\\\/toerisme-in-seine-et-marne\\\/golf-seine-en-marne\\\/\",\"name\":\"Golf en minigolf in Seine et Marne: Alle golfbanen in 77\",\"isPartOf\":{\"@id\":\"https:\\\/\\\/www.larivieredoree.com\\\/nl\\\/#website\"},\"primaryImageOfPage\":{\"@id\":\"https:\\\/\\\/www.larivieredoree.com\\\/nl\\\/toerisme-in-seine-et-marne\\\/golf-seine-en-marne\\\/#primaryimage\"},\"image\":{\"@id\":\"https:\\\/\\\/www.larivieredoree.com\\\/nl\\\/toerisme-in-seine-et-marne\\\/golf-seine-en-marne\\\/#primaryimage\"},\"thumbnailUrl\":\"https:\\\/\\\/www.larivieredoree.com\\\/wp-content\\\/uploads\\\/2026\\\/01\\\/golfs-de-Seine-et-Marne.jpg\",\"datePublished\":\"2026-01-18T14:00:25+00:00\",\"dateModified\":\"2026-02-23T15:15:06+00:00\",\"description\":\"Ontdek golf en minigolf in Seine-et-Marne: gevarieerde golfbanen, natuurlijke omgevingen en activiteiten voor alle leeftijden. Geniet van een sportief dagje buiten\",\"breadcrumb\":{\"@id\":\"https:\\\/\\\/www.larivieredoree.com\\\/nl\\\/toerisme-in-seine-et-marne\\\/golf-seine-en-marne\\\/#breadcrumb\"},\"inLanguage\":\"nl-NL\",\"potentialAction\":[{\"@type\":\"ReadAction\",\"target\":[\"https:\\\/\\\/www.larivieredoree.com\\\/nl\\\/toerisme-in-seine-et-marne\\\/golf-seine-en-marne\\\/\"]}]},{\"@type\":\"ImageObject\",\"inLanguage\":\"nl-NL\",\"@id\":\"https:\\\/\\\/www.larivieredoree.com\\\/nl\\\/toerisme-in-seine-et-marne\\\/golf-seine-en-marne\\\/#primaryimage\",\"url\":\"https:\\\/\\\/www.larivieredoree.com\\\/wp-content\\\/uploads\\\/2026\\\/01\\\/golfs-de-Seine-et-Marne.jpg\",\"contentUrl\":\"https:\\\/\\\/www.larivieredoree.com\\\/wp-content\\\/uploads\\\/2026\\\/01\\\/golfs-de-Seine-et-Marne.jpg\",\"width\":1800,\"height\":660},{\"@type\":\"BreadcrumbList\",\"@id\":\"https:\\\/\\\/www.larivieredoree.com\\\/nl\\\/toerisme-in-seine-et-marne\\\/golf-seine-en-marne\\\/#breadcrumb\",\"itemListElement\":[{\"@type\":\"ListItem\",\"position\":1,\"name\":\"Startpagina\",\"item\":\"https:\\\/\\\/www.larivieredoree.com\\\/nl\\\/\"},{\"@type\":\"ListItem\",\"position\":2,\"name\":\"Toerisme in Seine-et-Marne\",\"item\":\"https:\\\/\\\/www.larivieredoree.com\\\/nl\\\/toerisme-in-seine-et-marne\\\/\"},{\"@type\":\"ListItem\",\"position\":3,\"name\":\"Golf en minigolf in Seine et Marne\"}]},{\"@type\":\"WebSite\",\"@id\":\"https:\\\/\\\/www.larivieredoree.com\\\/nl\\\/#website\",\"url\":\"https:\\\/\\\/www.larivieredoree.com\\\/nl\\\/\",\"name\":\"Camping La Rivi\u00e8re Dor\u00e9e\",\"description\":\"Camping 3 \u00e9toiles Fontainebleau\",\"publisher\":{\"@id\":\"https:\\\/\\\/www.larivieredoree.com\\\/nl\\\/#organization\"},\"potentialAction\":[{\"@type\":\"SearchAction\",\"target\":{\"@type\":\"EntryPoint\",\"urlTemplate\":\"https:\\\/\\\/www.larivieredoree.com\\\/nl\\\/?s={search_term_string}\"},\"query-input\":{\"@type\":\"PropertyValueSpecification\",\"valueRequired\":true,\"valueName\":\"search_term_string\"}}],\"inLanguage\":\"nl-NL\"},{\"@type\":\"Organization\",\"@id\":\"https:\\\/\\\/www.larivieredoree.com\\\/nl\\\/#organization\",\"name\":\"Camping La Rivi\u00e8re Dor\u00e9e\",\"url\":\"https:\\\/\\\/www.larivieredoree.com\\\/nl\\\/\",\"logo\":{\"@type\":\"ImageObject\",\"inLanguage\":\"nl-NL\",\"@id\":\"https:\\\/\\\/www.larivieredoree.com\\\/nl\\\/#\\\/schema\\\/logo\\\/image\\\/\",\"url\":\"https:\\\/\\\/www.larivieredoree.com\\\/wp-content\\\/uploads\\\/2026\\\/02\\\/Logo-Riviere-Doree.png\",\"contentUrl\":\"https:\\\/\\\/www.larivieredoree.com\\\/wp-content\\\/uploads\\\/2026\\\/02\\\/Logo-Riviere-Doree.png\",\"width\":696,\"height\":696,\"caption\":\"Camping La Rivi\u00e8re Dor\u00e9e\"},\"image\":{\"@id\":\"https:\\\/\\\/www.larivieredoree.com\\\/nl\\\/#\\\/schema\\\/logo\\\/image\\\/\"},\"sameAs\":[\"https:\\\/\\\/www.facebook.com\\\/campinglarivieredoree\",\"https:\\\/\\\/www.instagram.com\\\/campinglarivieredoree\\\/\",\"https:\\\/\\\/fr.pinterest.com\\\/campinglarivieredoree\\\/\",\"https:\\\/\\\/www.tiktok.com\\\/@campinglarivieredoree\"]}]}<\/script>\n<!-- \/ Yoast SEO plugin. -->","yoast_head_json":{"title":"Golf en minigolf in Seine et Marne: Alle golfbanen in 77","description":"Ontdek golf en minigolf in Seine-et-Marne: gevarieerde golfbanen, natuurlijke omgevingen en activiteiten voor alle leeftijden. Geniet van een sportief dagje buiten","robots":{"index":"index","follow":"follow","max-snippet":"max-snippet:-1","max-image-preview":"max-image-preview:large","max-video-preview":"max-video-preview:-1"},"canonical":"https:\/\/www.larivieredoree.com\/nl\/toerisme-in-seine-et-marne\/golf-seine-en-marne\/","og_locale":"nl_NL","og_type":"article","og_title":"Golf en minigolf in Seine et Marne: Alle golfbanen in 77","og_description":"Ontdek golf en minigolf in Seine-et-Marne: gevarieerde golfbanen, natuurlijke omgevingen en activiteiten voor alle leeftijden. Geniet van een sportief dagje buiten","og_url":"https:\/\/www.larivieredoree.com\/nl\/toerisme-in-seine-et-marne\/golf-seine-en-marne\/","og_site_name":"La Rivi\u00e8re Dor\u00e9e","article_publisher":"https:\/\/www.facebook.com\/campinglarivieredoree","article_modified_time":"2026-02-23T15:15:06+00:00","og_image":[{"width":1800,"height":660,"url":"https:\/\/www.larivieredoree.com\/wp-content\/uploads\/2026\/01\/golfs-de-Seine-et-Marne.jpg","type":"image\/jpeg"}],"twitter_card":"summary_large_image","twitter_misc":{"Geschatte leestijd":"1 minuut"},"schema":{"@context":"https:\/\/schema.org","@graph":[{"@type":"WebPage","@id":"https:\/\/www.larivieredoree.com\/nl\/toerisme-in-seine-et-marne\/golf-seine-en-marne\/","url":"https:\/\/www.larivieredoree.com\/nl\/toerisme-in-seine-et-marne\/golf-seine-en-marne\/","name":"Golf en minigolf in Seine et Marne: Alle golfbanen in 77","isPartOf":{"@id":"https:\/\/www.larivieredoree.com\/nl\/#website"},"primaryImageOfPage":{"@id":"https:\/\/www.larivieredoree.com\/nl\/toerisme-in-seine-et-marne\/golf-seine-en-marne\/#primaryimage"},"image":{"@id":"https:\/\/www.larivieredoree.com\/nl\/toerisme-in-seine-et-marne\/golf-seine-en-marne\/#primaryimage"},"thumbnailUrl":"https:\/\/www.larivieredoree.com\/wp-content\/uploads\/2026\/01\/golfs-de-Seine-et-Marne.jpg","datePublished":"2026-01-18T14:00:25+00:00","dateModified":"2026-02-23T15:15:06+00:00","description":"Ontdek golf en minigolf in Seine-et-Marne: gevarieerde golfbanen, natuurlijke omgevingen en activiteiten voor alle leeftijden. Geniet van een sportief dagje buiten","breadcrumb":{"@id":"https:\/\/www.larivieredoree.com\/nl\/toerisme-in-seine-et-marne\/golf-seine-en-marne\/#breadcrumb"},"inLanguage":"nl-NL","potentialAction":[{"@type":"ReadAction","target":["https:\/\/www.larivieredoree.com\/nl\/toerisme-in-seine-et-marne\/golf-seine-en-marne\/"]}]},{"@type":"ImageObject","inLanguage":"nl-NL","@id":"https:\/\/www.larivieredoree.com\/nl\/toerisme-in-seine-et-marne\/golf-seine-en-marne\/#primaryimage","url":"https:\/\/www.larivieredoree.com\/wp-content\/uploads\/2026\/01\/golfs-de-Seine-et-Marne.jpg","contentUrl":"https:\/\/www.larivieredoree.com\/wp-content\/uploads\/2026\/01\/golfs-de-Seine-et-Marne.jpg","width":1800,"height":660},{"@type":"BreadcrumbList","@id":"https:\/\/www.larivieredoree.com\/nl\/toerisme-in-seine-et-marne\/golf-seine-en-marne\/#breadcrumb","itemListElement":[{"@type":"ListItem","position":1,"name":"Startpagina","item":"https:\/\/www.larivieredoree.com\/nl\/"},{"@type":"ListItem","position":2,"name":"Toerisme in Seine-et-Marne","item":"https:\/\/www.larivieredoree.com\/nl\/toerisme-in-seine-et-marne\/"},{"@type":"ListItem","position":3,"name":"Golf en minigolf in Seine et Marne"}]},{"@type":"WebSite","@id":"https:\/\/www.larivieredoree.com\/nl\/#website","url":"https:\/\/www.larivieredoree.com\/nl\/","name":"Camping La Rivi\u00e8re Dor\u00e9e","description":"Camping 3 \u00e9toiles Fontainebleau","publisher":{"@id":"https:\/\/www.larivieredoree.com\/nl\/#organization"},"potentialAction":[{"@type":"SearchAction","target":{"@type":"EntryPoint","urlTemplate":"https:\/\/www.larivieredoree.com\/nl\/?s={search_term_string}"},"query-input":{"@type":"PropertyValueSpecification","valueRequired":true,"valueName":"search_term_string"}}],"inLanguage":"nl-NL"},{"@type":"Organization","@id":"https:\/\/www.larivieredoree.com\/nl\/#organization","name":"Camping La Rivi\u00e8re Dor\u00e9e","url":"https:\/\/www.larivieredoree.com\/nl\/","logo":{"@type":"ImageObject","inLanguage":"nl-NL","@id":"https:\/\/www.larivieredoree.com\/nl\/#\/schema\/logo\/image\/","url":"https:\/\/www.larivieredoree.com\/wp-content\/uploads\/2026\/02\/Logo-Riviere-Doree.png","contentUrl":"https:\/\/www.larivieredoree.com\/wp-content\/uploads\/2026\/02\/Logo-Riviere-Doree.png","width":696,"height":696,"caption":"Camping La Rivi\u00e8re Dor\u00e9e"},"image":{"@id":"https:\/\/www.larivieredoree.com\/nl\/#\/schema\/logo\/image\/"},"sameAs":["https:\/\/www.facebook.com\/campinglarivieredoree","https:\/\/www.instagram.com\/campinglarivieredoree\/","https:\/\/fr.pinterest.com\/campinglarivieredoree\/","https:\/\/www.tiktok.com\/@campinglarivieredoree"]}]}},"_links":{"self":[{"href":"https:\/\/www.larivieredoree.com\/nl\/wp-json\/wp\/v2\/pages\/1269","targetHints":{"allow":["GET"]}}],"collection":[{"href":"https:\/\/www.larivieredoree.com\/nl\/wp-json\/wp\/v2\/pages"}],"about":[{"href":"https:\/\/www.larivieredoree.com\/nl\/wp-json\/wp\/v2\/types\/page"}],"author":[{"embeddable":true,"href":"https:\/\/www.larivieredoree.com\/nl\/wp-json\/wp\/v2\/users\/2"}],"replies":[{"embeddable":true,"href":"https:\/\/www.larivieredoree.com\/nl\/wp-json\/wp\/v2\/comments?post=1269"}],"version-history":[{"count":2,"href":"https:\/\/www.larivieredoree.com\/nl\/wp-json\/wp\/v2\/pages\/1269\/revisions"}],"predecessor-version":[{"id":1271,"href":"https:\/\/www.larivieredoree.com\/nl\/wp-json\/wp\/v2\/pages\/1269\/revisions\/1271"}],"up":[{"embeddable":true,"href":"https:\/\/www.larivieredoree.com\/nl\/wp-json\/wp\/v2\/pages\/1469"}],"wp:featuredmedia":[{"embeddable":true,"href":"https:\/\/www.larivieredoree.com\/nl\/wp-json\/wp\/v2\/media\/1265"}],"wp:attachment":[{"href":"https:\/\/www.larivieredoree.com\/nl\/wp-json\/wp\/v2\/media?parent=1269"}],"curies":[{"name":"wp","href":"https:\/\/api.w.org\/{rel}","templated":true}]}}