{"id":2682,"date":"2025-12-09T12:54:10","date_gmt":"2025-12-09T12:54:10","guid":{"rendered":"https:\/\/www.larivieredoree.com\/escalade-fontainebleau\/"},"modified":"2026-02-12T11:22:35","modified_gmt":"2026-02-12T11:22:35","slug":"beklimming-van-fontainebleau","status":"publish","type":"page","link":"https:\/\/www.larivieredoree.com\/nl\/fontainebleau-weekend\/beklimming-van-fontainebleau\/","title":{"rendered":"Klimmen in Fontainebleau"},"content":{"rendered":"","protected":false},"excerpt":{"rendered":"","protected":false},"author":3,"featured_media":0,"parent":2693,"menu_order":0,"comment_status":"closed","ping_status":"closed","template":"","meta":{"_acf_changed":false,"footnotes":""},"class_list":["post-2682","page","type-page","status-publish","hentry"],"acf":[],"yoast_head":"<!-- This site is optimized with the Yoast SEO plugin v27.3 - https:\/\/yoast.com\/product\/yoast-seo-wordpress\/ -->\n<title>Boulderen Fontainebleau: tips en tricks om het boulder-walhalla van Frankrijk te ontdekken<\/title>\n<meta name=\"description\" content=\"Ontdek alles over boulderen in Fontainebleau: de beste gebieden, circuits, routes, topo&#039;s en tips voor klimmen, kamperen en accessoires in het legendarische Bleau-bos\" \/>\n<meta name=\"robots\" content=\"index, follow, max-snippet:-1, max-image-preview:large, max-video-preview:-1\" \/>\n<link rel=\"canonical\" href=\"https:\/\/www.larivieredoree.com\/nl\/fontainebleau-weekend\/beklimming-van-fontainebleau\/\" \/>\n<meta property=\"og:locale\" content=\"nl_NL\" \/>\n<meta property=\"og:type\" content=\"article\" \/>\n<meta property=\"og:title\" content=\"Boulderen Fontainebleau: tips en tricks om het boulder-walhalla van Frankrijk te ontdekken\" \/>\n<meta property=\"og:description\" content=\"Ontdek alles over boulderen in Fontainebleau: de beste gebieden, circuits, routes, topo&#039;s en tips voor klimmen, kamperen en accessoires in het legendarische Bleau-bos\" \/>\n<meta property=\"og:url\" content=\"https:\/\/www.larivieredoree.com\/nl\/fontainebleau-weekend\/beklimming-van-fontainebleau\/\" \/>\n<meta property=\"og:site_name\" content=\"La Rivi\u00e8re Dor\u00e9e\" \/>\n<meta property=\"article:publisher\" content=\"https:\/\/www.facebook.com\/campinglarivieredoree\" \/>\n<meta property=\"article:modified_time\" content=\"2026-02-12T11:22:35+00:00\" \/>\n<meta property=\"og:image\" content=\"https:\/\/www.larivieredoree.com\/wp-content\/uploads\/2026\/02\/Camping-La-Riviere-Doree.jpg\" \/>\n\t<meta property=\"og:image:width\" content=\"1200\" \/>\n\t<meta property=\"og:image:height\" content=\"675\" \/>\n\t<meta property=\"og:image:type\" content=\"image\/jpeg\" \/>\n<meta name=\"twitter:card\" content=\"summary_large_image\" \/>\n<script type=\"application\/ld+json\" class=\"yoast-schema-graph\">{\"@context\":\"https:\\\/\\\/schema.org\",\"@graph\":[{\"@type\":\"WebPage\",\"@id\":\"https:\\\/\\\/www.larivieredoree.com\\\/nl\\\/fontainebleau-weekend\\\/beklimming-van-fontainebleau\\\/\",\"url\":\"https:\\\/\\\/www.larivieredoree.com\\\/nl\\\/fontainebleau-weekend\\\/beklimming-van-fontainebleau\\\/\",\"name\":\"Boulderen Fontainebleau: tips en tricks om het boulder-walhalla van Frankrijk te ontdekken\",\"isPartOf\":{\"@id\":\"https:\\\/\\\/www.larivieredoree.com\\\/nl\\\/#website\"},\"datePublished\":\"2025-12-09T12:54:10+00:00\",\"dateModified\":\"2026-02-12T11:22:35+00:00\",\"description\":\"Ontdek alles over boulderen in Fontainebleau: de beste gebieden, circuits, routes, topo's en tips voor klimmen, kamperen en accessoires in het legendarische Bleau-bos\",\"breadcrumb\":{\"@id\":\"https:\\\/\\\/www.larivieredoree.com\\\/nl\\\/fontainebleau-weekend\\\/beklimming-van-fontainebleau\\\/#breadcrumb\"},\"inLanguage\":\"nl-NL\",\"potentialAction\":[{\"@type\":\"ReadAction\",\"target\":[\"https:\\\/\\\/www.larivieredoree.com\\\/nl\\\/fontainebleau-weekend\\\/beklimming-van-fontainebleau\\\/\"]}]},{\"@type\":\"BreadcrumbList\",\"@id\":\"https:\\\/\\\/www.larivieredoree.com\\\/nl\\\/fontainebleau-weekend\\\/beklimming-van-fontainebleau\\\/#breadcrumb\",\"itemListElement\":[{\"@type\":\"ListItem\",\"position\":1,\"name\":\"Startpagina\",\"item\":\"https:\\\/\\\/www.larivieredoree.com\\\/nl\\\/\"},{\"@type\":\"ListItem\",\"position\":2,\"name\":\"Wat te zien en te doen in Fontainebleau\",\"item\":\"https:\\\/\\\/www.larivieredoree.com\\\/nl\\\/fontainebleau-weekend\\\/\"},{\"@type\":\"ListItem\",\"position\":3,\"name\":\"Klimmen in Fontainebleau\"}]},{\"@type\":\"WebSite\",\"@id\":\"https:\\\/\\\/www.larivieredoree.com\\\/nl\\\/#website\",\"url\":\"https:\\\/\\\/www.larivieredoree.com\\\/nl\\\/\",\"name\":\"Camping La Rivi\u00e8re Dor\u00e9e\",\"description\":\"Camping 3 \u00e9toiles Fontainebleau\",\"publisher\":{\"@id\":\"https:\\\/\\\/www.larivieredoree.com\\\/nl\\\/#organization\"},\"potentialAction\":[{\"@type\":\"SearchAction\",\"target\":{\"@type\":\"EntryPoint\",\"urlTemplate\":\"https:\\\/\\\/www.larivieredoree.com\\\/nl\\\/?s={search_term_string}\"},\"query-input\":{\"@type\":\"PropertyValueSpecification\",\"valueRequired\":true,\"valueName\":\"search_term_string\"}}],\"inLanguage\":\"nl-NL\"},{\"@type\":\"Organization\",\"@id\":\"https:\\\/\\\/www.larivieredoree.com\\\/nl\\\/#organization\",\"name\":\"Camping La Rivi\u00e8re Dor\u00e9e\",\"url\":\"https:\\\/\\\/www.larivieredoree.com\\\/nl\\\/\",\"logo\":{\"@type\":\"ImageObject\",\"inLanguage\":\"nl-NL\",\"@id\":\"https:\\\/\\\/www.larivieredoree.com\\\/nl\\\/#\\\/schema\\\/logo\\\/image\\\/\",\"url\":\"https:\\\/\\\/www.larivieredoree.com\\\/wp-content\\\/uploads\\\/2026\\\/02\\\/Logo-Riviere-Doree.png\",\"contentUrl\":\"https:\\\/\\\/www.larivieredoree.com\\\/wp-content\\\/uploads\\\/2026\\\/02\\\/Logo-Riviere-Doree.png\",\"width\":696,\"height\":696,\"caption\":\"Camping La Rivi\u00e8re Dor\u00e9e\"},\"image\":{\"@id\":\"https:\\\/\\\/www.larivieredoree.com\\\/nl\\\/#\\\/schema\\\/logo\\\/image\\\/\"},\"sameAs\":[\"https:\\\/\\\/www.facebook.com\\\/campinglarivieredoree\",\"https:\\\/\\\/www.instagram.com\\\/campinglarivieredoree\\\/\",\"https:\\\/\\\/fr.pinterest.com\\\/campinglarivieredoree\\\/\",\"https:\\\/\\\/www.tiktok.com\\\/@campinglarivieredoree\"]}]}<\/script>\n<!-- \/ Yoast SEO plugin. -->","yoast_head_json":{"title":"Boulderen Fontainebleau: tips en tricks om het boulder-walhalla van Frankrijk te ontdekken","description":"Ontdek alles over boulderen in Fontainebleau: de beste gebieden, circuits, routes, topo's en tips voor klimmen, kamperen en accessoires in het legendarische Bleau-bos","robots":{"index":"index","follow":"follow","max-snippet":"max-snippet:-1","max-image-preview":"max-image-preview:large","max-video-preview":"max-video-preview:-1"},"canonical":"https:\/\/www.larivieredoree.com\/nl\/fontainebleau-weekend\/beklimming-van-fontainebleau\/","og_locale":"nl_NL","og_type":"article","og_title":"Boulderen Fontainebleau: tips en tricks om het boulder-walhalla van Frankrijk te ontdekken","og_description":"Ontdek alles over boulderen in Fontainebleau: de beste gebieden, circuits, routes, topo's en tips voor klimmen, kamperen en accessoires in het legendarische Bleau-bos","og_url":"https:\/\/www.larivieredoree.com\/nl\/fontainebleau-weekend\/beklimming-van-fontainebleau\/","og_site_name":"La Rivi\u00e8re Dor\u00e9e","article_publisher":"https:\/\/www.facebook.com\/campinglarivieredoree","article_modified_time":"2026-02-12T11:22:35+00:00","og_image":[{"width":1200,"height":675,"url":"https:\/\/www.larivieredoree.com\/wp-content\/uploads\/2026\/02\/Camping-La-Riviere-Doree.jpg","type":"image\/jpeg"}],"twitter_card":"summary_large_image","schema":{"@context":"https:\/\/schema.org","@graph":[{"@type":"WebPage","@id":"https:\/\/www.larivieredoree.com\/nl\/fontainebleau-weekend\/beklimming-van-fontainebleau\/","url":"https:\/\/www.larivieredoree.com\/nl\/fontainebleau-weekend\/beklimming-van-fontainebleau\/","name":"Boulderen Fontainebleau: tips en tricks om het boulder-walhalla van Frankrijk te ontdekken","isPartOf":{"@id":"https:\/\/www.larivieredoree.com\/nl\/#website"},"datePublished":"2025-12-09T12:54:10+00:00","dateModified":"2026-02-12T11:22:35+00:00","description":"Ontdek alles over boulderen in Fontainebleau: de beste gebieden, circuits, routes, topo's en tips voor klimmen, kamperen en accessoires in het legendarische Bleau-bos","breadcrumb":{"@id":"https:\/\/www.larivieredoree.com\/nl\/fontainebleau-weekend\/beklimming-van-fontainebleau\/#breadcrumb"},"inLanguage":"nl-NL","potentialAction":[{"@type":"ReadAction","target":["https:\/\/www.larivieredoree.com\/nl\/fontainebleau-weekend\/beklimming-van-fontainebleau\/"]}]},{"@type":"BreadcrumbList","@id":"https:\/\/www.larivieredoree.com\/nl\/fontainebleau-weekend\/beklimming-van-fontainebleau\/#breadcrumb","itemListElement":[{"@type":"ListItem","position":1,"name":"Startpagina","item":"https:\/\/www.larivieredoree.com\/nl\/"},{"@type":"ListItem","position":2,"name":"Wat te zien en te doen in Fontainebleau","item":"https:\/\/www.larivieredoree.com\/nl\/fontainebleau-weekend\/"},{"@type":"ListItem","position":3,"name":"Klimmen in Fontainebleau"}]},{"@type":"WebSite","@id":"https:\/\/www.larivieredoree.com\/nl\/#website","url":"https:\/\/www.larivieredoree.com\/nl\/","name":"Camping La Rivi\u00e8re Dor\u00e9e","description":"Camping 3 \u00e9toiles Fontainebleau","publisher":{"@id":"https:\/\/www.larivieredoree.com\/nl\/#organization"},"potentialAction":[{"@type":"SearchAction","target":{"@type":"EntryPoint","urlTemplate":"https:\/\/www.larivieredoree.com\/nl\/?s={search_term_string}"},"query-input":{"@type":"PropertyValueSpecification","valueRequired":true,"valueName":"search_term_string"}}],"inLanguage":"nl-NL"},{"@type":"Organization","@id":"https:\/\/www.larivieredoree.com\/nl\/#organization","name":"Camping La Rivi\u00e8re Dor\u00e9e","url":"https:\/\/www.larivieredoree.com\/nl\/","logo":{"@type":"ImageObject","inLanguage":"nl-NL","@id":"https:\/\/www.larivieredoree.com\/nl\/#\/schema\/logo\/image\/","url":"https:\/\/www.larivieredoree.com\/wp-content\/uploads\/2026\/02\/Logo-Riviere-Doree.png","contentUrl":"https:\/\/www.larivieredoree.com\/wp-content\/uploads\/2026\/02\/Logo-Riviere-Doree.png","width":696,"height":696,"caption":"Camping La Rivi\u00e8re Dor\u00e9e"},"image":{"@id":"https:\/\/www.larivieredoree.com\/nl\/#\/schema\/logo\/image\/"},"sameAs":["https:\/\/www.facebook.com\/campinglarivieredoree","https:\/\/www.instagram.com\/campinglarivieredoree\/","https:\/\/fr.pinterest.com\/campinglarivieredoree\/","https:\/\/www.tiktok.com\/@campinglarivieredoree"]}]}},"_links":{"self":[{"href":"https:\/\/www.larivieredoree.com\/nl\/wp-json\/wp\/v2\/pages\/2682","targetHints":{"allow":["GET"]}}],"collection":[{"href":"https:\/\/www.larivieredoree.com\/nl\/wp-json\/wp\/v2\/pages"}],"about":[{"href":"https:\/\/www.larivieredoree.com\/nl\/wp-json\/wp\/v2\/types\/page"}],"author":[{"embeddable":true,"href":"https:\/\/www.larivieredoree.com\/nl\/wp-json\/wp\/v2\/users\/3"}],"replies":[{"embeddable":true,"href":"https:\/\/www.larivieredoree.com\/nl\/wp-json\/wp\/v2\/comments?post=2682"}],"version-history":[{"count":2,"href":"https:\/\/www.larivieredoree.com\/nl\/wp-json\/wp\/v2\/pages\/2682\/revisions"}],"predecessor-version":[{"id":3132,"href":"https:\/\/www.larivieredoree.com\/nl\/wp-json\/wp\/v2\/pages\/2682\/revisions\/3132"}],"up":[{"embeddable":true,"href":"https:\/\/www.larivieredoree.com\/nl\/wp-json\/wp\/v2\/pages\/2693"}],"wp:attachment":[{"href":"https:\/\/www.larivieredoree.com\/nl\/wp-json\/wp\/v2\/media?parent=2682"}],"curies":[{"name":"wp","href":"https:\/\/api.w.org\/{rel}","templated":true}]}}