{"id":2779,"date":"2025-12-09T12:53:38","date_gmt":"2025-12-09T12:53:38","guid":{"rendered":"https:\/\/www.larivieredoree.com\/camping-acsi\/"},"modified":"2026-02-24T10:15:27","modified_gmt":"2026-02-24T10:15:27","slug":"camping-acsi","status":"publish","type":"page","link":"https:\/\/www.larivieredoree.com\/nl\/camping-in-de-buurt-van-parijs\/camping-acsi\/","title":{"rendered":"Camping ACSI dichtbij Parijs"},"content":{"rendered":"","protected":false},"excerpt":{"rendered":"","protected":false},"author":3,"featured_media":0,"parent":2792,"menu_order":0,"comment_status":"closed","ping_status":"closed","template":"","meta":{"_acf_changed":false,"footnotes":""},"class_list":["post-2779","page","type-page","status-publish","hentry"],"acf":[],"yoast_head":"<!-- This site is optimized with the Yoast SEO plugin v27.3 - https:\/\/yoast.com\/product\/yoast-seo-wordpress\/ -->\n<title>Camping ACSI Parijs: Goedkope ACSI campingvakantie dichtbij Parijs<\/title>\n<meta name=\"description\" content=\"Ontdek onze goedkope camping nabij Parijs: warme ontvangst, natuurlijke omgeving en tarieven aangepast met de ACSI-kaart. Boek uw verblijf nu!\" \/>\n<meta name=\"robots\" content=\"index, follow, max-snippet:-1, max-image-preview:large, max-video-preview:-1\" \/>\n<link rel=\"canonical\" href=\"https:\/\/www.larivieredoree.com\/nl\/camping-in-de-buurt-van-parijs\/camping-acsi\/\" \/>\n<meta property=\"og:locale\" content=\"nl_NL\" \/>\n<meta property=\"og:type\" content=\"article\" \/>\n<meta property=\"og:title\" content=\"Camping ACSI Parijs: Goedkope ACSI campingvakantie dichtbij Parijs\" \/>\n<meta property=\"og:description\" content=\"Ontdek onze goedkope camping nabij Parijs: warme ontvangst, natuurlijke omgeving en tarieven aangepast met de ACSI-kaart. Boek uw verblijf nu!\" \/>\n<meta property=\"og:url\" content=\"https:\/\/www.larivieredoree.com\/nl\/camping-in-de-buurt-van-parijs\/camping-acsi\/\" \/>\n<meta property=\"og:site_name\" content=\"La Rivi\u00e8re Dor\u00e9e\" \/>\n<meta property=\"article:publisher\" content=\"https:\/\/www.facebook.com\/campinglarivieredoree\" \/>\n<meta property=\"article:modified_time\" content=\"2026-02-24T10:15:27+00:00\" \/>\n<meta property=\"og:image\" content=\"https:\/\/www.larivieredoree.com\/wp-content\/uploads\/2026\/02\/Camping-La-Riviere-Doree.jpg\" \/>\n\t<meta property=\"og:image:width\" content=\"1200\" \/>\n\t<meta property=\"og:image:height\" content=\"675\" \/>\n\t<meta property=\"og:image:type\" content=\"image\/jpeg\" \/>\n<meta name=\"twitter:card\" content=\"summary_large_image\" \/>\n<script type=\"application\/ld+json\" class=\"yoast-schema-graph\">{\"@context\":\"https:\\\/\\\/schema.org\",\"@graph\":[{\"@type\":\"WebPage\",\"@id\":\"https:\\\/\\\/www.larivieredoree.com\\\/nl\\\/camping-in-de-buurt-van-parijs\\\/camping-acsi\\\/\",\"url\":\"https:\\\/\\\/www.larivieredoree.com\\\/nl\\\/camping-in-de-buurt-van-parijs\\\/camping-acsi\\\/\",\"name\":\"Camping ACSI Parijs: Goedkope ACSI campingvakantie dichtbij Parijs\",\"isPartOf\":{\"@id\":\"https:\\\/\\\/www.larivieredoree.com\\\/nl\\\/#website\"},\"datePublished\":\"2025-12-09T12:53:38+00:00\",\"dateModified\":\"2026-02-24T10:15:27+00:00\",\"description\":\"Ontdek onze goedkope camping nabij Parijs: warme ontvangst, natuurlijke omgeving en tarieven aangepast met de ACSI-kaart. Boek uw verblijf nu!\",\"breadcrumb\":{\"@id\":\"https:\\\/\\\/www.larivieredoree.com\\\/nl\\\/camping-in-de-buurt-van-parijs\\\/camping-acsi\\\/#breadcrumb\"},\"inLanguage\":\"nl-NL\",\"potentialAction\":[{\"@type\":\"ReadAction\",\"target\":[\"https:\\\/\\\/www.larivieredoree.com\\\/nl\\\/camping-in-de-buurt-van-parijs\\\/camping-acsi\\\/\"]}]},{\"@type\":\"BreadcrumbList\",\"@id\":\"https:\\\/\\\/www.larivieredoree.com\\\/nl\\\/camping-in-de-buurt-van-parijs\\\/camping-acsi\\\/#breadcrumb\",\"itemListElement\":[{\"@type\":\"ListItem\",\"position\":1,\"name\":\"Startpagina\",\"item\":\"https:\\\/\\\/www.larivieredoree.com\\\/nl\\\/\"},{\"@type\":\"ListItem\",\"position\":2,\"name\":\"Kies voor een kampeervakantie\",\"item\":\"https:\\\/\\\/www.larivieredoree.com\\\/nl\\\/camping-in-de-buurt-van-parijs\\\/\"},{\"@type\":\"ListItem\",\"position\":3,\"name\":\"Camping ACSI dichtbij Parijs\"}]},{\"@type\":\"WebSite\",\"@id\":\"https:\\\/\\\/www.larivieredoree.com\\\/nl\\\/#website\",\"url\":\"https:\\\/\\\/www.larivieredoree.com\\\/nl\\\/\",\"name\":\"Camping La Rivi\u00e8re Dor\u00e9e\",\"description\":\"Camping 3 \u00e9toiles Fontainebleau\",\"publisher\":{\"@id\":\"https:\\\/\\\/www.larivieredoree.com\\\/nl\\\/#organization\"},\"potentialAction\":[{\"@type\":\"SearchAction\",\"target\":{\"@type\":\"EntryPoint\",\"urlTemplate\":\"https:\\\/\\\/www.larivieredoree.com\\\/nl\\\/?s={search_term_string}\"},\"query-input\":{\"@type\":\"PropertyValueSpecification\",\"valueRequired\":true,\"valueName\":\"search_term_string\"}}],\"inLanguage\":\"nl-NL\"},{\"@type\":\"Organization\",\"@id\":\"https:\\\/\\\/www.larivieredoree.com\\\/nl\\\/#organization\",\"name\":\"Camping La Rivi\u00e8re Dor\u00e9e\",\"url\":\"https:\\\/\\\/www.larivieredoree.com\\\/nl\\\/\",\"logo\":{\"@type\":\"ImageObject\",\"inLanguage\":\"nl-NL\",\"@id\":\"https:\\\/\\\/www.larivieredoree.com\\\/nl\\\/#\\\/schema\\\/logo\\\/image\\\/\",\"url\":\"https:\\\/\\\/www.larivieredoree.com\\\/wp-content\\\/uploads\\\/2026\\\/02\\\/Logo-Riviere-Doree.png\",\"contentUrl\":\"https:\\\/\\\/www.larivieredoree.com\\\/wp-content\\\/uploads\\\/2026\\\/02\\\/Logo-Riviere-Doree.png\",\"width\":696,\"height\":696,\"caption\":\"Camping La Rivi\u00e8re Dor\u00e9e\"},\"image\":{\"@id\":\"https:\\\/\\\/www.larivieredoree.com\\\/nl\\\/#\\\/schema\\\/logo\\\/image\\\/\"},\"sameAs\":[\"https:\\\/\\\/www.facebook.com\\\/campinglarivieredoree\",\"https:\\\/\\\/www.instagram.com\\\/campinglarivieredoree\\\/\",\"https:\\\/\\\/fr.pinterest.com\\\/campinglarivieredoree\\\/\",\"https:\\\/\\\/www.tiktok.com\\\/@campinglarivieredoree\"]}]}<\/script>\n<!-- \/ Yoast SEO plugin. -->","yoast_head_json":{"title":"Camping ACSI Parijs: Goedkope ACSI campingvakantie dichtbij Parijs","description":"Ontdek onze goedkope camping nabij Parijs: warme ontvangst, natuurlijke omgeving en tarieven aangepast met de ACSI-kaart. Boek uw verblijf nu!","robots":{"index":"index","follow":"follow","max-snippet":"max-snippet:-1","max-image-preview":"max-image-preview:large","max-video-preview":"max-video-preview:-1"},"canonical":"https:\/\/www.larivieredoree.com\/nl\/camping-in-de-buurt-van-parijs\/camping-acsi\/","og_locale":"nl_NL","og_type":"article","og_title":"Camping ACSI Parijs: Goedkope ACSI campingvakantie dichtbij Parijs","og_description":"Ontdek onze goedkope camping nabij Parijs: warme ontvangst, natuurlijke omgeving en tarieven aangepast met de ACSI-kaart. Boek uw verblijf nu!","og_url":"https:\/\/www.larivieredoree.com\/nl\/camping-in-de-buurt-van-parijs\/camping-acsi\/","og_site_name":"La Rivi\u00e8re Dor\u00e9e","article_publisher":"https:\/\/www.facebook.com\/campinglarivieredoree","article_modified_time":"2026-02-24T10:15:27+00:00","og_image":[{"width":1200,"height":675,"url":"https:\/\/www.larivieredoree.com\/wp-content\/uploads\/2026\/02\/Camping-La-Riviere-Doree.jpg","type":"image\/jpeg"}],"twitter_card":"summary_large_image","schema":{"@context":"https:\/\/schema.org","@graph":[{"@type":"WebPage","@id":"https:\/\/www.larivieredoree.com\/nl\/camping-in-de-buurt-van-parijs\/camping-acsi\/","url":"https:\/\/www.larivieredoree.com\/nl\/camping-in-de-buurt-van-parijs\/camping-acsi\/","name":"Camping ACSI Parijs: Goedkope ACSI campingvakantie dichtbij Parijs","isPartOf":{"@id":"https:\/\/www.larivieredoree.com\/nl\/#website"},"datePublished":"2025-12-09T12:53:38+00:00","dateModified":"2026-02-24T10:15:27+00:00","description":"Ontdek onze goedkope camping nabij Parijs: warme ontvangst, natuurlijke omgeving en tarieven aangepast met de ACSI-kaart. Boek uw verblijf nu!","breadcrumb":{"@id":"https:\/\/www.larivieredoree.com\/nl\/camping-in-de-buurt-van-parijs\/camping-acsi\/#breadcrumb"},"inLanguage":"nl-NL","potentialAction":[{"@type":"ReadAction","target":["https:\/\/www.larivieredoree.com\/nl\/camping-in-de-buurt-van-parijs\/camping-acsi\/"]}]},{"@type":"BreadcrumbList","@id":"https:\/\/www.larivieredoree.com\/nl\/camping-in-de-buurt-van-parijs\/camping-acsi\/#breadcrumb","itemListElement":[{"@type":"ListItem","position":1,"name":"Startpagina","item":"https:\/\/www.larivieredoree.com\/nl\/"},{"@type":"ListItem","position":2,"name":"Kies voor een kampeervakantie","item":"https:\/\/www.larivieredoree.com\/nl\/camping-in-de-buurt-van-parijs\/"},{"@type":"ListItem","position":3,"name":"Camping ACSI dichtbij Parijs"}]},{"@type":"WebSite","@id":"https:\/\/www.larivieredoree.com\/nl\/#website","url":"https:\/\/www.larivieredoree.com\/nl\/","name":"Camping La Rivi\u00e8re Dor\u00e9e","description":"Camping 3 \u00e9toiles Fontainebleau","publisher":{"@id":"https:\/\/www.larivieredoree.com\/nl\/#organization"},"potentialAction":[{"@type":"SearchAction","target":{"@type":"EntryPoint","urlTemplate":"https:\/\/www.larivieredoree.com\/nl\/?s={search_term_string}"},"query-input":{"@type":"PropertyValueSpecification","valueRequired":true,"valueName":"search_term_string"}}],"inLanguage":"nl-NL"},{"@type":"Organization","@id":"https:\/\/www.larivieredoree.com\/nl\/#organization","name":"Camping La Rivi\u00e8re Dor\u00e9e","url":"https:\/\/www.larivieredoree.com\/nl\/","logo":{"@type":"ImageObject","inLanguage":"nl-NL","@id":"https:\/\/www.larivieredoree.com\/nl\/#\/schema\/logo\/image\/","url":"https:\/\/www.larivieredoree.com\/wp-content\/uploads\/2026\/02\/Logo-Riviere-Doree.png","contentUrl":"https:\/\/www.larivieredoree.com\/wp-content\/uploads\/2026\/02\/Logo-Riviere-Doree.png","width":696,"height":696,"caption":"Camping La Rivi\u00e8re Dor\u00e9e"},"image":{"@id":"https:\/\/www.larivieredoree.com\/nl\/#\/schema\/logo\/image\/"},"sameAs":["https:\/\/www.facebook.com\/campinglarivieredoree","https:\/\/www.instagram.com\/campinglarivieredoree\/","https:\/\/fr.pinterest.com\/campinglarivieredoree\/","https:\/\/www.tiktok.com\/@campinglarivieredoree"]}]}},"_links":{"self":[{"href":"https:\/\/www.larivieredoree.com\/nl\/wp-json\/wp\/v2\/pages\/2779","targetHints":{"allow":["GET"]}}],"collection":[{"href":"https:\/\/www.larivieredoree.com\/nl\/wp-json\/wp\/v2\/pages"}],"about":[{"href":"https:\/\/www.larivieredoree.com\/nl\/wp-json\/wp\/v2\/types\/page"}],"author":[{"embeddable":true,"href":"https:\/\/www.larivieredoree.com\/nl\/wp-json\/wp\/v2\/users\/3"}],"replies":[{"embeddable":true,"href":"https:\/\/www.larivieredoree.com\/nl\/wp-json\/wp\/v2\/comments?post=2779"}],"version-history":[{"count":2,"href":"https:\/\/www.larivieredoree.com\/nl\/wp-json\/wp\/v2\/pages\/2779\/revisions"}],"predecessor-version":[{"id":3251,"href":"https:\/\/www.larivieredoree.com\/nl\/wp-json\/wp\/v2\/pages\/2779\/revisions\/3251"}],"up":[{"embeddable":true,"href":"https:\/\/www.larivieredoree.com\/nl\/wp-json\/wp\/v2\/pages\/2792"}],"wp:attachment":[{"href":"https:\/\/www.larivieredoree.com\/nl\/wp-json\/wp\/v2\/media?parent=2779"}],"curies":[{"name":"wp","href":"https:\/\/api.w.org\/{rel}","templated":true}]}}